{"id":2169,"date":"2020-12-01T10:59:54","date_gmt":"2020-12-01T10:59:54","guid":{"rendered":"https:\/\/artesaniadelapalma.com\/?page_id=2169"},"modified":"2020-12-04T06:45:54","modified_gmt":"2020-12-04T06:45:54","slug":"geschichte-des-kunsthandwerks-auf-der-insel-la-palma","status":"publish","type":"page","link":"https:\/\/artesaniadelapalma.com\/de\/traditionelle-kultur\/geschichte-des-kunsthandwerks-auf-der-insel-la-palma\/","title":{"rendered":"Geschichte des Kunsthandwerks auf der Insel La Palma"},"content":{"rendered":"<section class=\"wpb-content-wrapper\"><p>[vc_row css_animation=&#8220;&#8220; row_type=&#8220;row&#8220; use_row_as_full_screen_section=&#8220;no&#8220; type=&#8220;full_width&#8220; angled_section=&#8220;no&#8220; text_align=&#8220;left&#8220; background_image_as_pattern=&#8220;without_pattern&#8220; css=&#8220;.vc_custom_1595503361419{margin-top: 60px !important;margin-bottom: 30px !important;}&#8220;][vc_column][vc_column_text]<\/p>\n<h1>Geschichte des Kunsthandwerks auf der Insel La Palma<\/h1>\n<p>[\/vc_column_text][vc_empty_space][vc_column_text]<\/p>\n<h3><span style=\"font-weight: 400;\">EIN R\u00dcCKBLICK<\/span><\/h3>\n<p>[vc_separator type=&#8217;transparent&#8216; position=&#8217;center&#8216; color=&#8220; thickness=&#8220; up=&#8217;5&#8242; down=&#8220;]<\/p>\n<p><span style=\"font-weight: 400;\">Das Leben der Ureinwohner von La Palma hat Reste der Alltagsgegenst\u00e4nde hinterlassen, die bei ihrer t\u00e4glichen Arbeit verwendet wurden, wobei die sogenannten \u201eG\u00e1nigos\u201c (kleine Gef\u00e4\u00dfe aus Ton und Sand) am h\u00e4ufigsten vorkommen, zusammen mit den runden M\u00fchlen aus Vulkangestein sowie den Objekten, die aus Palmenbl\u00e4ttern gefertigt wurden.<\/span><\/p>\n<p>[vc_separator type=&#8217;transparent&#8216; position=&#8217;center&#8216; color=&#8220; thickness=&#8220; up=&#8217;15&#8216; down=&#8220;]<\/p>\n<p><span style=\"font-weight: 400;\">Unsere pr\u00e4historischen Vorfahren, die Benahoriten, lebten in H\u00f6hlen und Steinh\u00fctten in den Flussbetten, die sich in den Schluchten befinden. Sie stellten Tongef\u00e4\u00dfe ohne Scheibe her. Sie kannten keine Textilien und waren ausnahmslos mit Tierfellen bekleidet. Sie stellten Utensilien aus verschiedenen Materialien und mit rudiment\u00e4ren Techniken her; solche aus Stein, Holz, Lehm, H\u00e4uten und Muscheln waren reichlich vorhanden.\u00a0\u00a0<\/span><\/p>\n<p>[vc_separator type=&#8217;transparent&#8216; position=&#8217;center&#8216; color=&#8220; thickness=&#8220; up=&#8217;15&#8216; down=&#8220;]<\/p>\n<p><span style=\"font-weight: 400;\">Im 16. Jahrhundert \u00fcbernahm La Palma die importierten Sitten und Gebr\u00e4uche aus Europa. Es sind zwar nur wenige Chroniken \u00fcbrig geblieben, die Daten \u00fcber das t\u00e4gliche Leben liefern k\u00f6nnen, aber es gibt eine von gro\u00dfem Wert, die Chronik \u201eSaudades da Terra&#8220;, in welcher der portugiesische Reisende Gaspar Frutuoso, der La Palma in der Mitte des 16. Jahrhunderts besuchte, seine Erfahrungen festhielt. Darin hei\u00dft es: &#8222;Die Ureinwohnerin, eine Kriegerin, wurde ein sanftm\u00fctiges Schaf, freundlich und besch\u00fctzend, verheiratet mit Portugiesen und Spaniern&#8220;. Mit Bezug auf die Ureinwohner hielt er fest: &#8222;Sie alle sind Ziegen- und Schafz\u00fcchter, sie essen Gofio aus Weizen und Gerste, kneten ihn in \u00d6l, Honig und Milch und legen ihn in Toaster, die aus sehr glattem Ton bestehen&#8220;.\u00a0Dies ist der erste bekannte Hinweis auf einen bestimmten Gegenstand aus Ton.<br \/>\n<\/span><\/p>\n<p>[vc_separator type=&#8217;transparent&#8216; position=&#8217;center&#8216; color=&#8220; thickness=&#8220; up=&#8217;15&#8216; down=&#8220;]<\/p>\n<p><span style=\"font-weight: 400;\">Die Ureinwohner, so Frutuoso, schlie\u00dfen sich auch den neuen Sitten und Gebr\u00e4uchen an: &#8222;Sie sticken gut, aber sie wissen kaum, wie man spinnt und webt, was sie den Portugiesen \u00fcberlassen (&#8230;) Sie wissen, wie man Hemden herstellt, Jacken n\u00e4ht, Kissen bestickt und mit anderen sehr teuren Garnen umgeht.\u201c\u00a0Das Zitat bezieht sich auf die vielen Hinweise, die im 16. Jahrhundert von au\u00dfen kamen. In seinem Werk \u201eLos Portugueses en Canarias\u201c (1991) nimmt der aus La Palma stammende Historiker Jos\u00e9 P\u00e9rez Vidal auch ihre eindeutig aus dem portugiesischen Sprachgebrauch stammenden Bezeichnungen f\u00fcr Tuchfasern auf, was zeigt, dass die Namen der meisten von ihnen auch heute noch, nach vier Jahrhunderten, in Gebrauch sind.\u00a0<\/span><\/p>\n<p>[vc_separator type=&#8217;transparent&#8216; position=&#8217;center&#8216; color=&#8220; thickness=&#8220; up=&#8217;15&#8216; down=&#8220;]<\/p>\n<p><span style=\"font-weight: 400;\">Im 19. Jahrhundert fragte sich der franz\u00f6sische Reisende und Architekt Adolphe Coquet in seinem Buch &#8222;Ein Ausflug auf die Kanarischen Inseln&#8220;: &#8222;Stammt diese technische Geschicklichkeit von einer bestimmten, auf La Palma ans\u00e4ssigen Rasse ab? Im 16. Jahrhundert wurden die Flamen, die vom Herzog von Alba terrorisiert wurden, in gro\u00dfer Zahl auf diese Insel gebracht, wo ihre Nachkommen sich frei entwickeln konnten. Vielleicht kommt von ihnen der Gesch\u00e4ftssinn, der diese Bev\u00f6lkerung vom Rest des Archipels unterscheidet.\u201c<\/span><\/p>\n<p>[vc_separator type=&#8217;transparent&#8216; position=&#8217;center&#8216; color=&#8220; thickness=&#8220; up=&#8217;15&#8216; down=&#8220;]<\/p>\n<p><span style=\"font-weight: 400;\">W\u00e4hrend des 17. und 18. Jahrhunderts spielte das Kunsthandwerk noch immer eine grundlegende Rolle im t\u00e4glichen Leben der Insel. Es waren harte Zeiten f\u00fcr die Menschen auf La Palma. Die religi\u00f6se Kunst entwickelte sich dank der Spenden der Landbesitzer auf der Insel und der Verm\u00e4chtnisse wohlhabender Emigranten weiter, was zur Gr\u00fcndung zahlreicher Handwerksbetriebe f\u00fchrte. Holzschnitzer, Altarmacher, Vergolder, Steinmetze, Goldschmiede und andere K\u00fcnstler arbeiteten an diesen Werken und schufen damit ein Verm\u00e4chtnis, das bis heute Bestand hat und seinen Beitrag dazu leistet, die schwache Wirtschaft der Insel aufrechtzuerhalten.\u00a0\u00a0<\/span><\/p>\n<p>[vc_separator type=&#8217;transparent&#8216; position=&#8217;center&#8216; color=&#8220; thickness=&#8220; up=&#8217;15&#8216; down=&#8220;]<\/p>\n<p><span style=\"font-weight: 400;\">Zwischen 1775 und 1779 gab es auf La Palma 3.000 Webst\u00fchle, was mehr als einem Webstuhl pro Familie entsprach. Diese Zahl wird umso bedeutender, wenn man ber\u00fccksichtigt, dass zur gleichen Zeit auf der Insel Teneriffa lediglich 44 Webst\u00fchle standen. Die meisten Webst\u00fchle auf La Palma fanden in der Herstellung von Seidentextilien Anwendung, die zu dieser Zeit einen wichtigen Beitrag zur Wirtschaft der Insel leistete.\u00a0<\/span><\/p>\n<p>[vc_separator type=&#8217;transparent&#8216; position=&#8217;center&#8216; color=&#8220; thickness=&#8220; up=&#8217;15&#8216; down=&#8220;]<\/p>\n<p><span style=\"font-weight: 400;\">Der Mangel an ausreichendem Rohmaterial, Wolle und Flachs, verhinderte jedoch eine gr\u00f6\u00dfere Entwicklung der Textilwirtschaft. Diese Tatsache beunruhigte H\u00e4ndler und Politiker, die in der Wirtschaftsgesellschaft Schwachpunkte fanden. Als Reaktion darauf versuchten sie, die Entwicklung der Produktion von Flachs, Wolle, Baumwolle und Seide zu f\u00f6rdern, die sich jedoch nicht konsolidieren konnte. Die Textilindustrie selbst hatte in jenen Jahren Probleme wegen der massiven Importe von englischer Wolle und deutschem Flachs. Dies f\u00fchrte Ende des 19. Jahrhunderts schlie\u00dflich zu einem R\u00fcckgang der Textilien auf der Insel.\u00a0<\/span><\/p>\n<p>[\/vc_column_text][\/vc_column][\/vc_row][vc_row css_animation=&#8220;&#8220; row_type=&#8220;row&#8220; use_row_as_full_screen_section=&#8220;no&#8220; type=&#8220;full_width&#8220; angled_section=&#8220;no&#8220; text_align=&#8220;left&#8220; background_image_as_pattern=&#8220;without_pattern&#8220;][vc_column][vc_empty_space][vc_column_text]<\/p>\n<h3><span style=\"font-weight: 400;\">Das Kunsthandwerk auf La Palma von heute<\/span><\/h3>\n<p>[vc_separator type=&#8217;transparent&#8216; position=&#8217;center&#8216; color=&#8220; thickness=&#8220; up=&#8217;5&#8242; down=&#8220;]<\/p>\n<p><span style=\"font-weight: 400;\">Es ist offensichtlich, dass die kunsthandwerklichen Produkte aus La Palma in ihrem t\u00e4glichen Gebrauch einen R\u00fcckschlag erlitten haben und in vielen F\u00e4llen zu Geschenk- und Dekorationsobjekten geworden sind, die gesch\u00e4tzt und gew\u00fcrdigt werden. Nichtsdestotrotz ist die Handwerkskunst auf La Palma sehr lebendig und wird nach wie vor t\u00e4glich ausge\u00fcbt.\u00a0<\/span><\/p>\n<p>[vc_separator type=&#8217;transparent&#8216; position=&#8217;center&#8216; color=&#8220; thickness=&#8220; up=&#8217;15&#8216; down=&#8220;]<\/p>\n<p><span style=\"font-weight: 400;\">Die handwerkliche Arbeit wird in der Regel auf Teilzeitbasis verrichtet, wobei sie mit der Arbeit im Haus und auf dem Land geteilt wird. Dabei ist es nicht immer einfach, ausschlie\u00dflich von ihr zu leben. Es sind langsame Arbeitsprozesse, bei denen nicht die Stunden gemessen werden, sondern einzig die Qualit\u00e4t des Endergebnisses. Gl\u00fccklicherweise sind die meisten Kunsthandwerker auf La Palma nicht der Versuchung erlegen, ihre Arbeit derart zu vereinfachen, um nur noch schnell billige Touristenst\u00fccke herzustellen.\u00a0\u00a0<\/span><\/p>\n<p>[vc_separator type=&#8217;transparent&#8216; position=&#8217;center&#8216; color=&#8220; thickness=&#8220; up=&#8217;15&#8216; down=&#8220;]<\/p>\n<p><span style=\"font-weight: 400;\">Die Mehrheit der Handwerker hat keine eigene Werkstatt und verrichtet ihre Arbeit in einer Ecke oder im Innenhof ihrer Wohnst\u00e4tte.\u00a0<\/span><\/p>\n<p>[vc_separator type=&#8217;transparent&#8216; position=&#8217;center&#8216; color=&#8220; thickness=&#8220; up=&#8217;15&#8216; down=&#8220;]<\/p>\n<p><span style=\"font-weight: 400;\">Einige sagen, dass das Kunsthandwerk auf La Palma auf dem Weg ist, zu einer Lebensform aus der Vergangenheit zu werden, zu einem musealen und pseudo-folkloristischen Bereich des Lebens, welches keine andere Perspektive als die interessierter \u00e4lterer Menschen bietet, die sich damit abgefunden haben, dass ihr Gewerbe verloren ging. In den letzten Jahren hat der Inselrat von La Palma jedoch ein gr\u00f6\u00dferes Interesse am Kunsthandwerk gezeigt; es wurden und werden Ausbildungskurse in verschiedenen Disziplinen angeboten, Handwerker sind auf Messen und Ausstellungen in allen Gemeinden zugegen, unter denen erfreulicherweise auch eine bedeutende Anzahl junger Menschen auff\u00e4llt. Der Verkauf an kunsthandwerklichen Produkten ist wieder gestiegen und vor allem wurde eine gro\u00dfe Sensibilit\u00e4t f\u00fcr Produkte aus kunsthandwerklicher Fertigkeit hoher Qualit\u00e4t und Lebensdauer geweckt. <\/span>[\/vc_column_text][vc_empty_space][vc_column_text]<\/p>\n<h6>Texto: \u00a9<strong><em> &#8222;Gu\u00eda de artesan\u00eda La Palma&#8220;.<\/em><\/strong> Myriam Cabrera, Mar\u00eda Victoria Hern\u00e1ndez y Vicente Blanco. Traducci\u00f3n al alem\u00e1n: Stefan Kaufmann<\/h6>\n<p>[\/vc_column_text][vc_empty_space height=&#8220;40px&#8220;][\/vc_column][\/vc_row]<\/p>\n<\/section>","protected":false},"excerpt":{"rendered":"<p>[vc_row css_animation=&#8220;&#8220; row_type=&#8220;row&#8220; use_row_as_full_screen_section=&#8220;no&#8220; type=&#8220;full_width&#8220; angled_section=&#8220;no&#8220; text_align=&#8220;left&#8220; background_image_as_pattern=&#8220;without_pattern&#8220; css=&#8220;.vc_custom_1595503361419{margin-top: 60px !important;margin-bottom: 30px !important;}&#8220;][vc_column][vc_column_text] Geschichte des Kunsthandwerks auf der Insel La&#8230;<\/p>\n","protected":false},"author":1,"featured_media":0,"parent":2573,"menu_order":0,"comment_status":"closed","ping_status":"closed","template":"","meta":[],"yoast_head":"<!-- This site is optimized with the Yoast SEO plugin v21.1 - https:\/\/yoast.com\/wordpress\/plugins\/seo\/ -->\n<title>Geschichte des Kunsthandwerks auf der Insel La Palma - Artesan\u00eda de La Palma<\/title>\n<meta name=\"robots\" content=\"index, follow, max-snippet:-1, max-image-preview:large, max-video-preview:-1\" \/>\n<link rel=\"canonical\" href=\"https:\/\/artesaniadelapalma.com\/de\/traditionelle-kultur\/geschichte-des-kunsthandwerks-auf-der-insel-la-palma\/\" \/>\n<meta property=\"og:locale\" content=\"de_DE\" \/>\n<meta property=\"og:type\" content=\"article\" \/>\n<meta property=\"og:title\" content=\"Geschichte des Kunsthandwerks auf der Insel La Palma - Artesan\u00eda de La Palma\" \/>\n<meta property=\"og:description\" content=\"[vc_row css_animation=&#8220;&#8220; row_type=&#8220;row&#8220; use_row_as_full_screen_section=&#8220;no&#8220; type=&#8220;full_width&#8220; angled_section=&#8220;no&#8220; text_align=&#8220;left&#8220; background_image_as_pattern=&#8220;without_pattern&#8220; css=&#8220;.vc_custom_1595503361419{margin-top: 60px !important;margin-bottom: 30px !important;}&#8220;][vc_column][vc_column_text] Geschichte des Kunsthandwerks auf der Insel La...\" \/>\n<meta property=\"og:url\" content=\"https:\/\/artesaniadelapalma.com\/de\/traditionelle-kultur\/geschichte-des-kunsthandwerks-auf-der-insel-la-palma\/\" \/>\n<meta property=\"og:site_name\" content=\"Artesan\u00eda de La Palma\" \/>\n<meta property=\"article:modified_time\" content=\"2020-12-04T06:45:54+00:00\" \/>\n<meta name=\"twitter:card\" content=\"summary_large_image\" \/>\n<meta name=\"twitter:label1\" content=\"Gesch\u00e4tzte Lesezeit\" \/>\n\t<meta name=\"twitter:data1\" content=\"7\u00a0Minuten\" \/>\n<script type=\"application\/ld+json\" class=\"yoast-schema-graph\">{\"@context\":\"https:\/\/schema.org\",\"@graph\":[{\"@type\":\"WebPage\",\"@id\":\"https:\/\/artesaniadelapalma.com\/de\/traditionelle-kultur\/geschichte-des-kunsthandwerks-auf-der-insel-la-palma\/\",\"url\":\"https:\/\/artesaniadelapalma.com\/de\/traditionelle-kultur\/geschichte-des-kunsthandwerks-auf-der-insel-la-palma\/\",\"name\":\"Geschichte des Kunsthandwerks auf der Insel La Palma - Artesan\u00eda de La Palma\",\"isPartOf\":{\"@id\":\"https:\/\/artesaniadelapalma.com\/#website\"},\"datePublished\":\"2020-12-01T10:59:54+00:00\",\"dateModified\":\"2020-12-04T06:45:54+00:00\",\"breadcrumb\":{\"@id\":\"https:\/\/artesaniadelapalma.com\/de\/traditionelle-kultur\/geschichte-des-kunsthandwerks-auf-der-insel-la-palma\/#breadcrumb\"},\"inLanguage\":\"de\",\"potentialAction\":[{\"@type\":\"ReadAction\",\"target\":[\"https:\/\/artesaniadelapalma.com\/de\/traditionelle-kultur\/geschichte-des-kunsthandwerks-auf-der-insel-la-palma\/\"]}]},{\"@type\":\"BreadcrumbList\",\"@id\":\"https:\/\/artesaniadelapalma.com\/de\/traditionelle-kultur\/geschichte-des-kunsthandwerks-auf-der-insel-la-palma\/#breadcrumb\",\"itemListElement\":[{\"@type\":\"ListItem\",\"position\":1,\"name\":\"Portada\",\"item\":\"https:\/\/artesaniadelapalma.com\/de\/\"},{\"@type\":\"ListItem\",\"position\":2,\"name\":\"traditionelle Kultur\",\"item\":\"https:\/\/artesaniadelapalma.com\/de\/traditionelle-kultur\/\"},{\"@type\":\"ListItem\",\"position\":3,\"name\":\"Geschichte des Kunsthandwerks auf der Insel La Palma\"}]},{\"@type\":\"WebSite\",\"@id\":\"https:\/\/artesaniadelapalma.com\/#website\",\"url\":\"https:\/\/artesaniadelapalma.com\/\",\"name\":\"Artesan\u00eda de La Palma\",\"description\":\"Artesan\u00eda de La Palma \/ Cabildo Insular de La Palma\",\"potentialAction\":[{\"@type\":\"SearchAction\",\"target\":{\"@type\":\"EntryPoint\",\"urlTemplate\":\"https:\/\/artesaniadelapalma.com\/?s={search_term_string}\"},\"query-input\":\"required name=search_term_string\"}],\"inLanguage\":\"de\"}]}<\/script>\n<!-- \/ Yoast SEO plugin. -->","yoast_head_json":{"title":"Geschichte des Kunsthandwerks auf der Insel La Palma - Artesan\u00eda de La Palma","robots":{"index":"index","follow":"follow","max-snippet":"max-snippet:-1","max-image-preview":"max-image-preview:large","max-video-preview":"max-video-preview:-1"},"canonical":"https:\/\/artesaniadelapalma.com\/de\/traditionelle-kultur\/geschichte-des-kunsthandwerks-auf-der-insel-la-palma\/","og_locale":"de_DE","og_type":"article","og_title":"Geschichte des Kunsthandwerks auf der Insel La Palma - Artesan\u00eda de La Palma","og_description":"[vc_row css_animation=&#8220;&#8220; row_type=&#8220;row&#8220; use_row_as_full_screen_section=&#8220;no&#8220; type=&#8220;full_width&#8220; angled_section=&#8220;no&#8220; text_align=&#8220;left&#8220; background_image_as_pattern=&#8220;without_pattern&#8220; css=&#8220;.vc_custom_1595503361419{margin-top: 60px !important;margin-bottom: 30px !important;}&#8220;][vc_column][vc_column_text] Geschichte des Kunsthandwerks auf der Insel La...","og_url":"https:\/\/artesaniadelapalma.com\/de\/traditionelle-kultur\/geschichte-des-kunsthandwerks-auf-der-insel-la-palma\/","og_site_name":"Artesan\u00eda de La Palma","article_modified_time":"2020-12-04T06:45:54+00:00","twitter_card":"summary_large_image","twitter_misc":{"Gesch\u00e4tzte Lesezeit":"7\u00a0Minuten"},"schema":{"@context":"https:\/\/schema.org","@graph":[{"@type":"WebPage","@id":"https:\/\/artesaniadelapalma.com\/de\/traditionelle-kultur\/geschichte-des-kunsthandwerks-auf-der-insel-la-palma\/","url":"https:\/\/artesaniadelapalma.com\/de\/traditionelle-kultur\/geschichte-des-kunsthandwerks-auf-der-insel-la-palma\/","name":"Geschichte des Kunsthandwerks auf der Insel La Palma - Artesan\u00eda de La Palma","isPartOf":{"@id":"https:\/\/artesaniadelapalma.com\/#website"},"datePublished":"2020-12-01T10:59:54+00:00","dateModified":"2020-12-04T06:45:54+00:00","breadcrumb":{"@id":"https:\/\/artesaniadelapalma.com\/de\/traditionelle-kultur\/geschichte-des-kunsthandwerks-auf-der-insel-la-palma\/#breadcrumb"},"inLanguage":"de","potentialAction":[{"@type":"ReadAction","target":["https:\/\/artesaniadelapalma.com\/de\/traditionelle-kultur\/geschichte-des-kunsthandwerks-auf-der-insel-la-palma\/"]}]},{"@type":"BreadcrumbList","@id":"https:\/\/artesaniadelapalma.com\/de\/traditionelle-kultur\/geschichte-des-kunsthandwerks-auf-der-insel-la-palma\/#breadcrumb","itemListElement":[{"@type":"ListItem","position":1,"name":"Portada","item":"https:\/\/artesaniadelapalma.com\/de\/"},{"@type":"ListItem","position":2,"name":"traditionelle Kultur","item":"https:\/\/artesaniadelapalma.com\/de\/traditionelle-kultur\/"},{"@type":"ListItem","position":3,"name":"Geschichte des Kunsthandwerks auf der Insel La Palma"}]},{"@type":"WebSite","@id":"https:\/\/artesaniadelapalma.com\/#website","url":"https:\/\/artesaniadelapalma.com\/","name":"Artesan\u00eda de La Palma","description":"Artesan\u00eda de La Palma \/ Cabildo Insular de La Palma","potentialAction":[{"@type":"SearchAction","target":{"@type":"EntryPoint","urlTemplate":"https:\/\/artesaniadelapalma.com\/?s={search_term_string}"},"query-input":"required name=search_term_string"}],"inLanguage":"de"}]}},"_links":{"self":[{"href":"https:\/\/artesaniadelapalma.com\/de\/wp-json\/wp\/v2\/pages\/2169"}],"collection":[{"href":"https:\/\/artesaniadelapalma.com\/de\/wp-json\/wp\/v2\/pages"}],"about":[{"href":"https:\/\/artesaniadelapalma.com\/de\/wp-json\/wp\/v2\/types\/page"}],"author":[{"embeddable":true,"href":"https:\/\/artesaniadelapalma.com\/de\/wp-json\/wp\/v2\/users\/1"}],"replies":[{"embeddable":true,"href":"https:\/\/artesaniadelapalma.com\/de\/wp-json\/wp\/v2\/comments?post=2169"}],"version-history":[{"count":2,"href":"https:\/\/artesaniadelapalma.com\/de\/wp-json\/wp\/v2\/pages\/2169\/revisions"}],"predecessor-version":[{"id":2485,"href":"https:\/\/artesaniadelapalma.com\/de\/wp-json\/wp\/v2\/pages\/2169\/revisions\/2485"}],"up":[{"embeddable":true,"href":"https:\/\/artesaniadelapalma.com\/de\/wp-json\/wp\/v2\/pages\/2573"}],"wp:attachment":[{"href":"https:\/\/artesaniadelapalma.com\/de\/wp-json\/wp\/v2\/media?parent=2169"}],"curies":[{"name":"wp","href":"https:\/\/api.w.org\/{rel}","templated":true}]}}