{"id":2483,"date":"2020-12-04T06:44:04","date_gmt":"2020-12-04T06:44:04","guid":{"rendered":"https:\/\/artesaniadelapalma.com\/?page_id=2483"},"modified":"2021-01-12T13:52:49","modified_gmt":"2021-01-12T13:52:49","slug":"bereiche-des-kunsthandwerks","status":"publish","type":"page","link":"https:\/\/artesaniadelapalma.com\/de\/traditionelle-kultur\/bereiche-des-kunsthandwerks\/","title":{"rendered":"Bereiche des Kunsthandwerks"},"content":{"rendered":"<section class=\"wpb-content-wrapper\"><p>[vc_row css_animation=&#8220;&#8220; row_type=&#8220;row&#8220; use_row_as_full_screen_section=&#8220;no&#8220; type=&#8220;grid&#8220; angled_section=&#8220;no&#8220; text_align=&#8220;left&#8220; background_image_as_pattern=&#8220;without_pattern&#8220; z_index=&#8220;&#8220;][vc_column][vc_empty_space height=&#8220;62px&#8220;][vc_column_text]<\/p>\n<h1>Bereiche des Kunsthandwerks auf La Palma<\/h1>\n<p>[\/vc_column_text][vc_empty_space][vc_column_text]<\/p>\n<p style=\"text-align: justify;\">Wenn man vom Kunsthandwerk spricht, muss man auch \u00fcber Traditionen sprechen sowie von der Liebe zu gut gemachten Dingen, von Gr\u00fcndlichkeit, von Sch\u00f6nheit und von Geduld. Man sollte<br \/>\nauch von Gegenst\u00e4nden des t\u00e4glichen Gebrauchs sprechen, vor allem von solchen, die das Leben sch\u00f6ner machen. Die Insel La Palma ist eine einzigartige Insel, auf der die traditionelle Kultur im<br \/>\nt\u00e4glichen Leben ihrer Bewohner immer etwas Lebendiges war und immer noch ist. La Palma verf\u00fcgt \u00fcber eines der interessantesten, vielf\u00e4ltigsten, reichhaltigsten und am besterhaltenen<br \/>\ntraditionellen Kunsthandwerke Spaniens und Europas. Die Herausforderung besteht jetzt nicht nur darin, sie zu erhalten, sondern sie in die Zukunft zu projizieren, so dass sie neben einem<br \/>\nerstklassigen kulturellen Erbe eine immer w\u00fcrdigere Form des Lebensunterhalts f\u00fcr die Handwerker und Handwerkerinnen darstellt, die es verstanden haben, den schwierigsten Zeiten zu trotzen.<\/p>\n<p style=\"text-align: justify; margin-top: 25px;\">In diesem Abschnitt finden Sie eine Liste der verschiedenen Handwerksk\u00fcnste, die auf der Insel La Palma ausge\u00fcbt werden. Klicken Sie auf die Namen der einzelnen Gesch\u00e4fte, um sie aufzurufen.<\/p>\n<p>[\/vc_column_text][vc_empty_space height=&#8220;52px&#8220;][\/vc_column][\/vc_row][vc_row css_animation=&#8220;&#8220; row_type=&#8220;row&#8220; use_row_as_full_screen_section=&#8220;no&#8220; type=&#8220;grid&#8220; angled_section=&#8220;no&#8220; text_align=&#8220;left&#8220; background_image_as_pattern=&#8220;without_pattern&#8220; z_index=&#8220;&#8220; css=&#8220;.vc_custom_1595851646017{margin-top: 20px !important;margin-bottom: 20px !important;}&#8220;][vc_column width=&#8220;1\/4&#8243;]\n\n\t<a href=\"https:\/\/artesaniadelapalma.com\/de\/traditionelle-kultur\/bereiche-des-kunsthandwerks\/textilien\/\" target=\"_self\" style=\"color: #ffffff;background-color: #f22f1d\" class=\"qode-btn qode-btn-medium qode-btn-solid qode-btn-custom-hover-bg qode-btn-custom-hover-color qode-btn-custom-icon-bg-hover-color qode-btn-icon qode-btn-icon-rotate\" data-hover-bg-color=\"#ffffff\" data-hover-color=\"#f22f1d\" >\n\t    <span class=\"qode-btn-text\">Textilien<\/span><span class=\"qode-button-v2-icon-holder\" style=\"border-color: #ffffff;background-color: #f22f1d\" data-hover-icon-border-color=\"#f22f1d\" data-hover-icon-bg-color=\"#ffffff\"><i class=\"qodef-icon-linea-icon icon-arrows-circle-left qode-button-v2-icon-holder-inner\" ><\/i><\/span>\t<\/a>\n\n[vc_empty_space height=&#8220;12px&#8220;][\/vc_column][vc_column width=&#8220;1\/4&#8243;]\n\n\t<a href=\"https:\/\/artesaniadelapalma.com\/de\/traditionelle-kultur\/bereiche-des-kunsthandwerks\/korbflechten\/\" target=\"_self\" style=\"color: #ffffff;background-color: #f22f1d\" class=\"qode-btn qode-btn-medium qode-btn-solid qode-btn-custom-hover-bg qode-btn-custom-hover-color qode-btn-custom-icon-bg-hover-color qode-btn-icon qode-btn-icon-rotate\" data-hover-bg-color=\"#ffffff\" data-hover-color=\"#f22f1d\" >\n\t    <span class=\"qode-btn-text\">Korbflechten<\/span><span class=\"qode-button-v2-icon-holder\" style=\"border-color: #ffffff;background-color: #f22f1d\" data-hover-icon-border-color=\"#f22f1d\" data-hover-icon-bg-color=\"#ffffff\"><i class=\"qodef-icon-linea-icon icon-arrows-circle-left qode-button-v2-icon-holder-inner\" ><\/i><\/span>\t<\/a>\n\n[vc_empty_space height=&#8220;12px&#8220;][\/vc_column][vc_column width=&#8220;1\/4&#8243;]\n\n\t<a href=\"https:\/\/artesaniadelapalma.com\/de\/traditionelle-kultur\/bereiche-des-kunsthandwerks\/tonerde\/\" target=\"_self\" style=\"color: #ffffff;background-color: #f22f1d\" class=\"qode-btn qode-btn-medium qode-btn-solid qode-btn-custom-hover-bg qode-btn-custom-hover-color qode-btn-custom-icon-bg-hover-color qode-btn-icon qode-btn-icon-rotate\" data-hover-bg-color=\"#ffffff\" data-hover-color=\"#f22f1d\" >\n\t    <span class=\"qode-btn-text\">Tonerde<\/span><span class=\"qode-button-v2-icon-holder\" style=\"border-color: #ffffff;background-color: #f22f1d\" data-hover-icon-border-color=\"#f22f1d\" data-hover-icon-bg-color=\"#ffffff\"><i class=\"qodef-icon-linea-icon icon-arrows-circle-left qode-button-v2-icon-holder-inner\" ><\/i><\/span>\t<\/a>\n\n[vc_empty_space height=&#8220;12px&#8220;][\/vc_column][vc_column width=&#8220;1\/4&#8243;]\n\n\t<a href=\"https:\/\/artesaniadelapalma.com\/de\/traditionelle-kultur\/bereiche-des-kunsthandwerks\/holz\/\" target=\"_self\" style=\"color: #ffffff;background-color: #f22f1d\" class=\"qode-btn qode-btn-medium qode-btn-solid qode-btn-custom-hover-bg qode-btn-custom-hover-color qode-btn-custom-icon-bg-hover-color qode-btn-icon qode-btn-icon-rotate\" data-hover-bg-color=\"#ffffff\" data-hover-color=\"#f22f1d\" >\n\t    <span class=\"qode-btn-text\">Holz<\/span><span class=\"qode-button-v2-icon-holder\" style=\"border-color: #ffffff;background-color: #f22f1d\" data-hover-icon-border-color=\"#f22f1d\" data-hover-icon-bg-color=\"#ffffff\"><i class=\"qodef-icon-linea-icon icon-arrows-circle-left qode-button-v2-icon-holder-inner\" ><\/i><\/span>\t<\/a>\n\n[vc_empty_space height=&#8220;12px&#8220;][\/vc_column][\/vc_row][vc_row css_animation=&#8220;&#8220; row_type=&#8220;row&#8220; use_row_as_full_screen_section=&#8220;no&#8220; type=&#8220;grid&#8220; angled_section=&#8220;no&#8220; text_align=&#8220;left&#8220; background_image_as_pattern=&#8220;without_pattern&#8220; z_index=&#8220;&#8220; css=&#8220;.vc_custom_1595851646017{margin-top: 20px !important;margin-bottom: 20px !important;}&#8220;][vc_column width=&#8220;1\/4&#8243;]\n\n\t<a href=\"https:\/\/artesaniadelapalma.com\/de\/traditionelle-kultur\/bereiche-des-kunsthandwerks\/metall\/\" target=\"_self\" style=\"color: #ffffff;background-color: #f22f1d\" class=\"qode-btn qode-btn-medium qode-btn-solid qode-btn-custom-hover-bg qode-btn-custom-hover-color qode-btn-custom-icon-bg-hover-color qode-btn-icon qode-btn-icon-rotate\" data-hover-bg-color=\"#ffffff\" data-hover-color=\"#f22f1d\" >\n\t    <span class=\"qode-btn-text\">Metall<\/span><span class=\"qode-button-v2-icon-holder\" style=\"border-color: #ffffff;background-color: #f22f1d\" data-hover-icon-border-color=\"#f22f1d\" data-hover-icon-bg-color=\"#ffffff\"><i class=\"qodef-icon-linea-icon icon-arrows-circle-left qode-button-v2-icon-holder-inner\" ><\/i><\/span>\t<\/a>\n\n[vc_empty_space height=&#8220;12px&#8220;][\/vc_column][vc_column width=&#8220;1\/4&#8243;]\n\n\t<a href=\"https:\/\/artesaniadelapalma.com\/de\/traditionelle-kultur\/bereiche-des-kunsthandwerks\/leder\/\" target=\"_self\" style=\"color: #ffffff;background-color: #f22f1d\" class=\"qode-btn qode-btn-medium qode-btn-solid qode-btn-custom-hover-bg qode-btn-custom-hover-color qode-btn-custom-icon-bg-hover-color qode-btn-icon qode-btn-icon-rotate\" data-hover-bg-color=\"#ffffff\" data-hover-color=\"#f22f1d\" >\n\t    <span class=\"qode-btn-text\">Leder<\/span><span class=\"qode-button-v2-icon-holder\" style=\"border-color: #ffffff;background-color: #f22f1d\" data-hover-icon-border-color=\"#f22f1d\" data-hover-icon-bg-color=\"#ffffff\"><i class=\"qodef-icon-linea-icon icon-arrows-circle-left qode-button-v2-icon-holder-inner\" ><\/i><\/span>\t<\/a>\n\n[vc_empty_space height=&#8220;12px&#8220;][\/vc_column][vc_column width=&#8220;1\/4&#8243;]\n\n\t<a href=\"https:\/\/artesaniadelapalma.com\/de\/traditionelle-kultur\/bereiche-des-kunsthandwerks\/stein\/\" target=\"_self\" style=\"color: #ffffff;background-color: #f22f1d\" class=\"qode-btn qode-btn-medium qode-btn-solid qode-btn-custom-hover-bg qode-btn-custom-hover-color qode-btn-custom-icon-bg-hover-color qode-btn-icon qode-btn-icon-rotate\" data-hover-bg-color=\"#ffffff\" data-hover-color=\"#f22f1d\" >\n\t    <span class=\"qode-btn-text\">Stein<\/span><span class=\"qode-button-v2-icon-holder\" style=\"border-color: #ffffff;background-color: #f22f1d\" data-hover-icon-border-color=\"#f22f1d\" data-hover-icon-bg-color=\"#ffffff\"><i class=\"qodef-icon-linea-icon icon-arrows-circle-left qode-button-v2-icon-holder-inner\" ><\/i><\/span>\t<\/a>\n\n[vc_empty_space height=&#8220;12px&#8220;][\/vc_column][vc_column width=&#8220;1\/4&#8243;]\n\n\t<a href=\"https:\/\/artesaniadelapalma.com\/de\/traditionelle-kultur\/bereiche-des-kunsthandwerks\/neues-kunsthandwerk\/\" target=\"_self\" style=\"color: #ffffff;background-color: #f22f1d\" class=\"qode-btn qode-btn-medium qode-btn-solid qode-btn-custom-hover-bg qode-btn-custom-hover-color qode-btn-custom-icon-bg-hover-color qode-btn-icon qode-btn-icon-rotate\" data-hover-bg-color=\"#ffffff\" data-hover-color=\"#f22f1d\" >\n\t    <span class=\"qode-btn-text\">Neues Kunsthandwerk<\/span><span class=\"qode-button-v2-icon-holder\" style=\"border-color: #ffffff;background-color: #f22f1d\" data-hover-icon-border-color=\"#f22f1d\" data-hover-icon-bg-color=\"#ffffff\"><i class=\"qodef-icon-linea-icon icon-arrows-circle-left qode-button-v2-icon-holder-inner\" ><\/i><\/span>\t<\/a>\n\n[vc_empty_space height=&#8220;12px&#8220;][\/vc_column][\/vc_row][vc_row css_animation=&#8220;&#8220; row_type=&#8220;row&#8220; use_row_as_full_screen_section=&#8220;no&#8220; type=&#8220;full_width&#8220; angled_section=&#8220;no&#8220; text_align=&#8220;left&#8220; background_image_as_pattern=&#8220;without_pattern&#8220;][vc_column][vc_empty_space height=&#8220;62px&#8220;][\/vc_column][\/vc_row]<\/p>\n<\/section>","protected":false},"excerpt":{"rendered":"<p>[vc_row css_animation=&#8220;&#8220; row_type=&#8220;row&#8220; use_row_as_full_screen_section=&#8220;no&#8220; type=&#8220;grid&#8220; angled_section=&#8220;no&#8220; text_align=&#8220;left&#8220; background_image_as_pattern=&#8220;without_pattern&#8220; z_index=&#8220;&#8220;][vc_column][vc_empty_space height=&#8220;62px&#8220;][vc_column_text] Bereiche des Kunsthandwerks auf La Palma [\/vc_column_text][vc_empty_space][vc_column_text] Wenn man vom&#8230;<\/p>\n","protected":false},"author":1,"featured_media":0,"parent":2573,"menu_order":0,"comment_status":"closed","ping_status":"closed","template":"full_width.php","meta":[],"yoast_head":"<!-- This site is optimized with the Yoast SEO plugin v21.1 - https:\/\/yoast.com\/wordpress\/plugins\/seo\/ -->\n<title>Bereiche des Kunsthandwerks - Artesan\u00eda de La Palma<\/title>\n<meta name=\"robots\" content=\"index, follow, max-snippet:-1, max-image-preview:large, max-video-preview:-1\" \/>\n<link rel=\"canonical\" href=\"https:\/\/artesaniadelapalma.com\/de\/traditionelle-kultur\/bereiche-des-kunsthandwerks\/\" \/>\n<meta property=\"og:locale\" content=\"de_DE\" \/>\n<meta property=\"og:type\" content=\"article\" \/>\n<meta property=\"og:title\" content=\"Bereiche des Kunsthandwerks - Artesan\u00eda de La Palma\" \/>\n<meta property=\"og:description\" content=\"[vc_row css_animation=&#8220;&#8220; row_type=&#8220;row&#8220; use_row_as_full_screen_section=&#8220;no&#8220; type=&#8220;grid&#8220; angled_section=&#8220;no&#8220; text_align=&#8220;left&#8220; background_image_as_pattern=&#8220;without_pattern&#8220; z_index=&#8220;&#8220;][vc_column][vc_empty_space height=&#8220;62px&#8220;][vc_column_text] Bereiche des Kunsthandwerks auf La Palma [\/vc_column_text][vc_empty_space][vc_column_text] Wenn man vom...\" \/>\n<meta property=\"og:url\" content=\"https:\/\/artesaniadelapalma.com\/de\/traditionelle-kultur\/bereiche-des-kunsthandwerks\/\" \/>\n<meta property=\"og:site_name\" content=\"Artesan\u00eda de La Palma\" \/>\n<meta property=\"article:modified_time\" content=\"2021-01-12T13:52:49+00:00\" \/>\n<meta name=\"twitter:card\" content=\"summary_large_image\" \/>\n<meta name=\"twitter:label1\" content=\"Gesch\u00e4tzte Lesezeit\" \/>\n\t<meta name=\"twitter:data1\" content=\"5\u00a0Minuten\" \/>\n<script type=\"application\/ld+json\" class=\"yoast-schema-graph\">{\"@context\":\"https:\/\/schema.org\",\"@graph\":[{\"@type\":\"WebPage\",\"@id\":\"https:\/\/artesaniadelapalma.com\/de\/traditionelle-kultur\/bereiche-des-kunsthandwerks\/\",\"url\":\"https:\/\/artesaniadelapalma.com\/de\/traditionelle-kultur\/bereiche-des-kunsthandwerks\/\",\"name\":\"Bereiche des Kunsthandwerks - Artesan\u00eda de La Palma\",\"isPartOf\":{\"@id\":\"https:\/\/artesaniadelapalma.com\/#website\"},\"datePublished\":\"2020-12-04T06:44:04+00:00\",\"dateModified\":\"2021-01-12T13:52:49+00:00\",\"breadcrumb\":{\"@id\":\"https:\/\/artesaniadelapalma.com\/de\/traditionelle-kultur\/bereiche-des-kunsthandwerks\/#breadcrumb\"},\"inLanguage\":\"de\",\"potentialAction\":[{\"@type\":\"ReadAction\",\"target\":[\"https:\/\/artesaniadelapalma.com\/de\/traditionelle-kultur\/bereiche-des-kunsthandwerks\/\"]}]},{\"@type\":\"BreadcrumbList\",\"@id\":\"https:\/\/artesaniadelapalma.com\/de\/traditionelle-kultur\/bereiche-des-kunsthandwerks\/#breadcrumb\",\"itemListElement\":[{\"@type\":\"ListItem\",\"position\":1,\"name\":\"Portada\",\"item\":\"https:\/\/artesaniadelapalma.com\/de\/\"},{\"@type\":\"ListItem\",\"position\":2,\"name\":\"traditionelle Kultur\",\"item\":\"https:\/\/artesaniadelapalma.com\/de\/traditionelle-kultur\/\"},{\"@type\":\"ListItem\",\"position\":3,\"name\":\"Bereiche des Kunsthandwerks\"}]},{\"@type\":\"WebSite\",\"@id\":\"https:\/\/artesaniadelapalma.com\/#website\",\"url\":\"https:\/\/artesaniadelapalma.com\/\",\"name\":\"Artesan\u00eda de La Palma\",\"description\":\"Artesan\u00eda de La Palma \/ Cabildo Insular de La Palma\",\"potentialAction\":[{\"@type\":\"SearchAction\",\"target\":{\"@type\":\"EntryPoint\",\"urlTemplate\":\"https:\/\/artesaniadelapalma.com\/?s={search_term_string}\"},\"query-input\":\"required name=search_term_string\"}],\"inLanguage\":\"de\"}]}<\/script>\n<!-- \/ Yoast SEO plugin. -->","yoast_head_json":{"title":"Bereiche des Kunsthandwerks - Artesan\u00eda de La Palma","robots":{"index":"index","follow":"follow","max-snippet":"max-snippet:-1","max-image-preview":"max-image-preview:large","max-video-preview":"max-video-preview:-1"},"canonical":"https:\/\/artesaniadelapalma.com\/de\/traditionelle-kultur\/bereiche-des-kunsthandwerks\/","og_locale":"de_DE","og_type":"article","og_title":"Bereiche des Kunsthandwerks - Artesan\u00eda de La Palma","og_description":"[vc_row css_animation=&#8220;&#8220; row_type=&#8220;row&#8220; use_row_as_full_screen_section=&#8220;no&#8220; type=&#8220;grid&#8220; angled_section=&#8220;no&#8220; text_align=&#8220;left&#8220; background_image_as_pattern=&#8220;without_pattern&#8220; z_index=&#8220;&#8220;][vc_column][vc_empty_space height=&#8220;62px&#8220;][vc_column_text] Bereiche des Kunsthandwerks auf La Palma [\/vc_column_text][vc_empty_space][vc_column_text] Wenn man vom...","og_url":"https:\/\/artesaniadelapalma.com\/de\/traditionelle-kultur\/bereiche-des-kunsthandwerks\/","og_site_name":"Artesan\u00eda de La Palma","article_modified_time":"2021-01-12T13:52:49+00:00","twitter_card":"summary_large_image","twitter_misc":{"Gesch\u00e4tzte Lesezeit":"5\u00a0Minuten"},"schema":{"@context":"https:\/\/schema.org","@graph":[{"@type":"WebPage","@id":"https:\/\/artesaniadelapalma.com\/de\/traditionelle-kultur\/bereiche-des-kunsthandwerks\/","url":"https:\/\/artesaniadelapalma.com\/de\/traditionelle-kultur\/bereiche-des-kunsthandwerks\/","name":"Bereiche des Kunsthandwerks - Artesan\u00eda de La Palma","isPartOf":{"@id":"https:\/\/artesaniadelapalma.com\/#website"},"datePublished":"2020-12-04T06:44:04+00:00","dateModified":"2021-01-12T13:52:49+00:00","breadcrumb":{"@id":"https:\/\/artesaniadelapalma.com\/de\/traditionelle-kultur\/bereiche-des-kunsthandwerks\/#breadcrumb"},"inLanguage":"de","potentialAction":[{"@type":"ReadAction","target":["https:\/\/artesaniadelapalma.com\/de\/traditionelle-kultur\/bereiche-des-kunsthandwerks\/"]}]},{"@type":"BreadcrumbList","@id":"https:\/\/artesaniadelapalma.com\/de\/traditionelle-kultur\/bereiche-des-kunsthandwerks\/#breadcrumb","itemListElement":[{"@type":"ListItem","position":1,"name":"Portada","item":"https:\/\/artesaniadelapalma.com\/de\/"},{"@type":"ListItem","position":2,"name":"traditionelle Kultur","item":"https:\/\/artesaniadelapalma.com\/de\/traditionelle-kultur\/"},{"@type":"ListItem","position":3,"name":"Bereiche des Kunsthandwerks"}]},{"@type":"WebSite","@id":"https:\/\/artesaniadelapalma.com\/#website","url":"https:\/\/artesaniadelapalma.com\/","name":"Artesan\u00eda de La Palma","description":"Artesan\u00eda de La Palma \/ Cabildo Insular de La Palma","potentialAction":[{"@type":"SearchAction","target":{"@type":"EntryPoint","urlTemplate":"https:\/\/artesaniadelapalma.com\/?s={search_term_string}"},"query-input":"required name=search_term_string"}],"inLanguage":"de"}]}},"_links":{"self":[{"href":"https:\/\/artesaniadelapalma.com\/de\/wp-json\/wp\/v2\/pages\/2483"}],"collection":[{"href":"https:\/\/artesaniadelapalma.com\/de\/wp-json\/wp\/v2\/pages"}],"about":[{"href":"https:\/\/artesaniadelapalma.com\/de\/wp-json\/wp\/v2\/types\/page"}],"author":[{"embeddable":true,"href":"https:\/\/artesaniadelapalma.com\/de\/wp-json\/wp\/v2\/users\/1"}],"replies":[{"embeddable":true,"href":"https:\/\/artesaniadelapalma.com\/de\/wp-json\/wp\/v2\/comments?post=2483"}],"version-history":[{"count":5,"href":"https:\/\/artesaniadelapalma.com\/de\/wp-json\/wp\/v2\/pages\/2483\/revisions"}],"predecessor-version":[{"id":2687,"href":"https:\/\/artesaniadelapalma.com\/de\/wp-json\/wp\/v2\/pages\/2483\/revisions\/2687"}],"up":[{"embeddable":true,"href":"https:\/\/artesaniadelapalma.com\/de\/wp-json\/wp\/v2\/pages\/2573"}],"wp:attachment":[{"href":"https:\/\/artesaniadelapalma.com\/de\/wp-json\/wp\/v2\/media?parent=2483"}],"curies":[{"name":"wp","href":"https:\/\/api.w.org\/{rel}","templated":true}]}}