{"id":2628,"date":"2021-01-12T13:15:17","date_gmt":"2021-01-12T13:15:17","guid":{"rendered":"https:\/\/artesaniadelapalma.com\/?page_id=2628"},"modified":"2021-01-12T13:54:29","modified_gmt":"2021-01-12T13:54:29","slug":"holz","status":"publish","type":"page","link":"https:\/\/artesaniadelapalma.com\/de\/traditionelle-kultur\/bereiche-des-kunsthandwerks\/holz\/","title":{"rendered":"Holz"},"content":{"rendered":"<section class=\"wpb-content-wrapper\"><p>[vc_row css_animation=&#8220;&#8220; row_type=&#8220;row&#8220; use_row_as_full_screen_section=&#8220;no&#8220; type=&#8220;full_width&#8220; angled_section=&#8220;no&#8220; text_align=&#8220;left&#8220; background_image_as_pattern=&#8220;without_pattern&#8220; css=&#8220;.vc_custom_1595855261501{margin-bottom: 20px !important;padding-top: 40px !important;padding-bottom: 20px !important;background-color: #dddddd !important;}&#8220; z_index=&#8220;&#8220;][vc_column][vc_empty_space][vc_column_text]<\/p>\n<h4 style=\"text-align: center;\"><a href=\"https:\/\/artesaniadelapalma.com\/de\/traditionelle-kultur\/bereiche-des-kunsthandwerks\/holz#brezo\">BAUMHEIDE<\/a> | <a href=\"https:\/\/artesaniadelapalma.com\/de\/traditionelle-kultur\/bereiche-des-kunsthandwerks\/holz#tea\">TEA<\/a> | <a href=\"https:\/\/artesaniadelapalma.com\/de\/traditionelle-kultur\/bereiche-des-kunsthandwerks\/holz#moralcedro\">MAULBEER- UND ZEDERNHOLZ<\/a><\/h4>\n<p>[\/vc_column_text][vc_empty_space][\/vc_column][\/vc_row][vc_row css_animation=&#8220;&#8220; row_type=&#8220;row&#8220; use_row_as_full_screen_section=&#8220;no&#8220; type=&#8220;grid&#8220; angled_section=&#8220;no&#8220; text_align=&#8220;left&#8220; background_image_as_pattern=&#8220;without_pattern&#8220; css=&#8220;.vc_custom_1597677363443{margin-top: 60px !important;margin-bottom: 40px !important;}&#8220; z_index=&#8220;&#8220;][vc_column][vc_column_text]<\/p>\n<h1>Holz<\/h1>\n<p>[\/vc_column_text][vc_empty_space][vc_column_text]Schon die Ureinwohner von La Palma arbeiteten mit Holz. Und das mit gro\u00dfer Perfektion, wenn man die rudiment\u00e4ren Mittel ber\u00fccksichtigt, die damals zur Verf\u00fcgung standen, allesamt Variationen von geschliffenen Steinen und Muscheln, da die Inselbewohner keine Ahnung von Metallen hatten.<br \/>\n[vc_separator type=&#8217;transparent&#8216; position=&#8217;center&#8216; color=&#8220; thickness=&#8220; up=&#8217;15&#8216; down=&#8220;]<br \/>\nAuf La Palma stellt eine gro\u00dfe Anzahl von Kunsthandwerkern und Kunsthandwerkerinnen landwirtschaftliche Ger\u00e4te, M\u00f6bel, Musikinstrumente, Pfeifen, Pressen, Ma\u00dfst\u00e4be, Tr\u00f6ge (F\u00e4sser), Balkone und andere Elemente der volkst\u00fcmlichen Architektur und deren Modelle, Wasserfahrzeuge, landwirtschaftliche Werkzeuge und eine Vielzahl von Gegenst\u00e4nden sowohl zur Dekoration als auch f\u00fcr den Hausgebrauch her.<br \/>\n[vc_separator type=&#8217;transparent&#8216; position=&#8217;center&#8216; color=&#8220; thickness=&#8220; up=&#8217;15&#8216; down=&#8220;]<br \/>\nDie Herstellung von F\u00e4ssern war in der Vergangenheit aufgrund der hohen Weinproduktion der Malvasia besonders wichtig.<\/p>\n<p>[vc_separator type=&#8217;transparent&#8216; position=&#8217;center&#8216; color=&#8220; thickness=&#8220; up=&#8217;15&#8216; down=&#8220;][\/vc_column_text][\/vc_column][\/vc_row][vc_row css_animation=&#8220;&#8220; row_type=&#8220;row&#8220; use_row_as_full_screen_section=&#8220;no&#8220; type=&#8220;grid&#8220; angled_section=&#8220;no&#8220; text_align=&#8220;left&#8220; background_image_as_pattern=&#8220;without_pattern&#8220; css=&#8220;.vc_custom_1597754360771{margin-top: 60px !important;margin-bottom: 40px !important;}&#8220; z_index=&#8220;&#8220; anchor=&#8220;brezo&#8220;][vc_column][vc_column_text]<\/p>\n<h2>BAUMHEIDE<\/h2>\n<p>[\/vc_column_text][vc_empty_space][vc_row_inner row_type=&#8220;row&#8220; type=&#8220;full_width&#8220; text_align=&#8220;left&#8220; css_animation=&#8220;&#8220;][vc_column_inner width=&#8220;5\/6&#8243;][vc_column_text]Die Baumheide w\u00e4chst vor allem in den mittleren H\u00f6henlagen der Insel La Palma, wo der Einfluss der Passatwinde ihr Wachstum pr\u00e4gt und wo Lorbeerw\u00e4lder seit dem Terti\u00e4r zu Hause sind sowie verschiedene andere Baumarten gedeihen. Oberhalb von ihnen, zwischen 1.100 und 1.400 Metern H\u00f6he, gibt es eine F\u00fclle an Heidekraut (\u201eFayal-Brezal\u201c) sowie an der immergr\u00fcnen kanarischen Stechpalme und auch Lorbeer in den feuchteren Gebieten.<\/p>\n<p>[vc_separator type=&#8217;transparent&#8216; position=&#8217;center&#8216; color=&#8220; thickness=&#8220; up=&#8217;15&#8216; down=&#8220;]<\/p>\n<p>Die Baumheide wird vorwiegend auf der Drehbank bearbeitet oder geschnitzt und es entstehen auf diese Weise L\u00f6ffel, Schippen zum Wenden von Schweinefleisch in den Kupferkesseln zur Gewinnung von Schmalz, Griffe f\u00fcr die meisten Werkzeuge, landwirtschaftliche Ger\u00e4te und Pfeifen. Ihr Holz ist von gro\u00dfer H\u00e4rte und sehr ansehnlich, hat jedoch einen Nachteil: Wenn es nicht sorgf\u00e4ltig behandelt wird, \u00f6ffnet es sich und es entstehen L\u00e4ngsrisse, die es dann unbrauchbar machen. Damit das Heidekraut keinen Schaden nimmt, wird es nach dem Schneiden und Putzen kurz \u00fcber Feuer geh\u00e4rtet. Die Kunsthandwerker nennen diese Behandlung \u201echaramuscado\u201c, wobei das Feuer mit den trockenen Zweigen des Heidekrauts selbst entfacht wird. Anschlie\u00dfend wird es eine Woche lang in feuchter Erde vergraben. Die vorbereitende Behandlung endet mit dem Aufkochen in reichlich Wasser.<\/p>\n<p>[vc_separator type=&#8217;transparent&#8216; position=&#8217;center&#8216; color=&#8220; thickness=&#8220; up=&#8217;15&#8216; down=&#8220;]<\/p>\n<p>[\/vc_column_text][\/vc_column_inner][vc_column_inner width=&#8220;1\/6&#8243;][\/vc_column_inner][\/vc_row_inner][\/vc_column][\/vc_row][vc_row css_animation=&#8220;&#8220; row_type=&#8220;row&#8220; use_row_as_full_screen_section=&#8220;no&#8220; type=&#8220;grid&#8220; angled_section=&#8220;no&#8220; text_align=&#8220;left&#8220; background_image_as_pattern=&#8220;without_pattern&#8220; css=&#8220;.vc_custom_1597754368835{margin-top: 60px !important;margin-bottom: 40px !important;}&#8220; z_index=&#8220;&#8220; anchor=&#8220;tea&#8220;][vc_column][vc_empty_space height=&#8220;42px&#8220;][vc_column_text]<\/p>\n<h2>Tea<\/h2>\n<p>[\/vc_column_text][vc_empty_space][vc_row_inner row_type=&#8220;row&#8220; type=&#8220;full_width&#8220; text_align=&#8220;left&#8220; css_animation=&#8220;&#8220;][vc_column_inner width=&#8220;5\/6&#8243;][vc_column_text]Die Gipfelbereiche und die Caldera de Taburiente auf La Palma sind mit kanarischen Kiefern bev\u00f6lkert, die sowohl feuerfest sind als sich auch fest an die Felsen klammern, um dem Wind, der K\u00e4lte und der Hitze zu trotzen. Diese Kiefern bewahren in ihrem Stamm sorgf\u00e4ltig ein Herz aus &#8222;Tea&#8220;, was ein edles, starkes und duftendes Holz ist.<br \/>\n[vc_separator type=&#8217;transparent&#8216; position=&#8217;center&#8216; color=&#8220; thickness=&#8220; up=&#8217;10&#8216; down=&#8220;]<\/p>\n<p>Das \u201eTea&#8220;-Holz, das auf den Kanarischen Inseln wegen seiner r\u00f6tlichen Farbe und seiner Widerstandsf\u00e4higkeit sehr gesch\u00e4tzt wird, taucht in den Baukonstruktionen der Inseln auf, indem es zu tragenden Balken und S\u00e4ulen verarbeitet wird, um die Haltbarkeit der Geb\u00e4udestrukturen zu gew\u00e4hrleisten. Auch die T\u00fcren und Balkone in den Kirchen und H\u00e4usern auf La Palma sind aus &#8222;Tea&#8220; gearbeitet, ebenso wie Fu\u00dfb\u00f6den, Deckenverstrebungen, Eckpfosten, T\u00fcrst\u00fcrze, Tore, Schr\u00e4nke, Brunnenr\u00e4nder, Kan\u00e4le zur Wasserf\u00fchrung in die Zisterne und viele andere Elemente der Volksarchitektur. Auch das Innere der H\u00e4user wurde mit &#8222;Tea&#8220; verkleidet: Hocker, B\u00e4nke, Tische, St\u00fchle, Kinderbetten und Kisten &#8211; Truhen mit verschiedenen Verwendungszwecken &#8211; wurden ihm anvertraut.<\/p>\n<p>[vc_separator type=&#8217;transparent&#8216; position=&#8217;center&#8216; color=&#8220; thickness=&#8220; up=&#8217;10&#8216; down=&#8220;]<br \/>\nDar\u00fcber hinaus ist dieses Holz traditionell in Webwerkzeugen verarbeitet, welche vom Webstuhl bis zu den Spulen reichen.<\/p>\n<p>[vc_separator type=&#8217;transparent&#8216; position=&#8217;center&#8216; color=&#8220; thickness=&#8220; up=&#8217;10&#8216; down=&#8220;]<br \/>\nTrotz der vielf\u00e4ltigen Verwendungsm\u00f6glichkeiten dieser Holzart sind seine Einsatzm\u00f6glichkeiten in den letzten Jahren zur\u00fcckgegangen. Das liegt zum einen an der Aufnahme fremder H\u00f6lzer und zum anderen an dem Verbot der Ausbeutung, das zum Schutz der Vegetation auf der Insel verlassen wurde.<br \/>\n[vc_separator type=&#8217;transparent&#8216; position=&#8217;center&#8216; color=&#8220; thickness=&#8220; up=&#8217;10&#8216; down=&#8220;]<\/p>\n<p>Das &#8222;Tea&#8220;-Holz ist sehr langlebig, es splittet nicht auf. Es vergeht nicht, es ist immer lebendig. Durch das enthaltene Harz verf\u00fcgt es \u00fcber eine eigene Schmierung, wodurch es nicht verderben kann.<\/p>\n<p>[vc_separator type=&#8217;transparent&#8216; position=&#8217;center&#8216; color=&#8220; thickness=&#8220; up=&#8217;10&#8216; down=&#8220;][\/vc_column_text][\/vc_column_inner][vc_column_inner width=&#8220;1\/6&#8243;][\/vc_column_inner][\/vc_row_inner][\/vc_column][\/vc_row][vc_row css_animation=&#8220;&#8220; row_type=&#8220;row&#8220; use_row_as_full_screen_section=&#8220;no&#8220; type=&#8220;grid&#8220; angled_section=&#8220;no&#8220; text_align=&#8220;left&#8220; background_image_as_pattern=&#8220;without_pattern&#8220; css=&#8220;.vc_custom_1597754379159{margin-top: 60px !important;margin-bottom: 40px !important;}&#8220; z_index=&#8220;&#8220; anchor=&#8220;moralcedro&#8220;][vc_column][vc_empty_space height=&#8220;42px&#8220;][vc_column_text]<\/p>\n<h2>MAULBEER- UND ZEDERNHOLZ<\/h2>\n<p>[\/vc_column_text][vc_empty_space][vc_row_inner row_type=&#8220;row&#8220; type=&#8220;full_width&#8220; text_align=&#8220;left&#8220; css_animation=&#8220;&#8220;][vc_column_inner width=&#8220;5\/6&#8243;][vc_column_text]In den mittleren H\u00f6henlagen und an den K\u00fcsten der Insel kann man noch die Silhouetten alter verdrehter B\u00e4ume erkennen: die Maulbeerb\u00e4ume, die den Reisenden an das Bild barocker Skulpturen erinnern. Heute sind sie, im Gegensatz zu fr\u00fcher, als sie stets gr\u00fcn und beschnitten waren, sich selbst \u00fcberlassen. Die Liste ihrer Nutznie\u00dfer umfasste auch das Vieh und nat\u00fcrlich die geschickten Kunsthandwerker, die in seinem gelblichen und weichen Holz den Rohstoff f\u00fcr die Herstellung von M\u00f6rsern, F\u00e4ssern, Bechern, K\u00e4semachern usw. fanden. Das Holz des Maulbeerbaums hielt Einzug in die H\u00e4user und wurde beispielsweise in Textilwerkst\u00e4tten in Form von Schiffchen und Spindeln eingef\u00fchrt, nahm an der Weihnachtsmusik als Kastagnetten und Trommelst\u00f6cken teil und war und ist der Traum der Drechsler f\u00fcr ihre kunstvollsten St\u00fccke.<\/p>\n<p>[vc_separator type=&#8217;transparent&#8216; position=&#8217;center&#8216; color=&#8220; thickness=&#8220; up=&#8217;10&#8216; down=&#8220;]<\/p>\n<p>&nbsp;<\/p>\n<p>Die Zeder ist vielleicht eine der am wenigsten bekannten Baumarten der Kanarischen Inseln. Das Zedernholz, das heute auf La Palma verarbeitet wird, ist gr\u00f6\u00dftenteils importiert. Auch das Holz von St\u00e4mmen, die von den aus Kuba zur\u00fcckgekehrten Migranten auf die Insel gebracht wurden, wird wieder verwendet. Aufgrund seiner Eigenschaften und seines besonderen Aromas wird es haupts\u00e4chlich f\u00fcr M\u00f6bel mit Schnitzereien, Dekorationsgegenst\u00e4nde und die sehr gefragten Kisten zur Aufbewahrung von Zigarren verwendet.<\/p>\n<p>[vc_separator type=&#8217;transparent&#8216; position=&#8217;center&#8216; color=&#8220; thickness=&#8220; up=&#8217;10&#8216; down=&#8220;]<\/p>\n<p>Neben Heidekraut, Tea, Maulbeere und Zedernholz gibt es in weitaus geringerem Umfang weitere H\u00f6lzer wie Faya, Lorbeer, Indischer Persea, roter Eukalyptus, Orangenbaum, Mandelbaum, \u00d6lbaum, Kastanie und andere Arten, die ebenfalls zur Herstellung von Haushaltsgegenst\u00e4nden verwendet werden.<\/p>\n<p>[vc_separator type=&#8217;transparent&#8216; position=&#8217;center&#8216; color=&#8220; thickness=&#8220; up=&#8217;30&#8216; down=&#8220;]<\/p>\n<h6>Texto: \u00a9<strong><em> &#8222;Gu\u00eda de artesan\u00eda La Palma&#8220;.<\/em><\/strong> Myriam Cabrera, Mar\u00eda Victoria Hern\u00e1ndez y Vicente Blanco<\/h6>\n<p>&nbsp;<\/p>\n<p>[vc_separator type=&#8217;transparent&#8216; position=&#8217;center&#8216; color=&#8220; thickness=&#8220; up=&#8217;10&#8216; down=&#8220;][\/vc_column_text][\/vc_column_inner][vc_column_inner width=&#8220;1\/6&#8243;][\/vc_column_inner][\/vc_row_inner][\/vc_column][\/vc_row][vc_row css_animation=&#8220;&#8220; row_type=&#8220;row&#8220; use_row_as_full_screen_section=&#8220;no&#8220; type=&#8220;full_width&#8220; angled_section=&#8220;no&#8220; text_align=&#8220;left&#8220; background_image_as_pattern=&#8220;without_pattern&#8220;][vc_column][vc_empty_space height=&#8220;30px&#8220;][vc_row_inner row_type=&#8220;row&#8220; type=&#8220;full_width&#8220; text_align=&#8220;left&#8220; css_animation=&#8220;&#8220;][vc_column_inner width=&#8220;1\/3&#8243;][\/vc_column_inner][vc_column_inner width=&#8220;1\/3&#8243;]\n\n\t<a href=\"https:\/\/artesaniadelapalma.com\/de\/traditionelle-kultur\/bereiche-des-kunsthandwerks\/\" target=\"_self\" style=\"color: #ffffff;background-color: #f22f1d\" class=\"qode-btn qode-btn-medium qode-btn-solid qode-btn-custom-hover-bg qode-btn-custom-hover-color qode-btn-custom-icon-bg-hover-color qode-btn-icon qode-btn-icon-rotate\" data-hover-bg-color=\"#ffffff\" data-hover-color=\"#f22f1d\" >\n\t    <span class=\"qode-btn-text\">Andere Handwerksberufe<\/span><span class=\"qode-button-v2-icon-holder\" style=\"border-color: #ffffff;background-color: #f22f1d\" data-hover-icon-border-color=\"#f22f1d\" data-hover-icon-bg-color=\"#ffffff\"><i class=\"qodef-icon-linea-icon icon-arrows-circle-left qode-button-v2-icon-holder-inner\" ><\/i><\/span>\t<\/a>\n\n[\/vc_column_inner][vc_column_inner width=&#8220;1\/3&#8243;][\/vc_column_inner][\/vc_row_inner][vc_empty_space height=&#8220;52px&#8220;][\/vc_column][\/vc_row]<\/p>\n<\/section>","protected":false},"excerpt":{"rendered":"<p>[vc_row css_animation=&#8220;&#8220; row_type=&#8220;row&#8220; use_row_as_full_screen_section=&#8220;no&#8220; type=&#8220;full_width&#8220; angled_section=&#8220;no&#8220; text_align=&#8220;left&#8220; background_image_as_pattern=&#8220;without_pattern&#8220; css=&#8220;.vc_custom_1595855261501{margin-bottom: 20px !important;padding-top: 40px !important;padding-bottom: 20px !important;background-color: #dddddd !important;}&#8220; z_index=&#8220;&#8220;][vc_column][vc_empty_space][vc_column_text] BAUMHEIDE |&#8230;<\/p>\n","protected":false},"author":1,"featured_media":0,"parent":2483,"menu_order":0,"comment_status":"closed","ping_status":"closed","template":"full_width.php","meta":[],"yoast_head":"<!-- This site is optimized with the Yoast SEO plugin v21.1 - https:\/\/yoast.com\/wordpress\/plugins\/seo\/ -->\n<title>Holz - Artesan\u00eda de La Palma<\/title>\n<meta name=\"robots\" content=\"index, follow, max-snippet:-1, max-image-preview:large, max-video-preview:-1\" \/>\n<link rel=\"canonical\" href=\"https:\/\/artesaniadelapalma.com\/de\/traditionelle-kultur\/bereiche-des-kunsthandwerks\/holz\/\" \/>\n<meta property=\"og:locale\" content=\"de_DE\" \/>\n<meta property=\"og:type\" content=\"article\" \/>\n<meta property=\"og:title\" content=\"Holz - Artesan\u00eda de La Palma\" \/>\n<meta property=\"og:description\" content=\"[vc_row css_animation=&#8220;&#8220; row_type=&#8220;row&#8220; use_row_as_full_screen_section=&#8220;no&#8220; type=&#8220;full_width&#8220; angled_section=&#8220;no&#8220; text_align=&#8220;left&#8220; background_image_as_pattern=&#8220;without_pattern&#8220; css=&#8220;.vc_custom_1595855261501{margin-bottom: 20px !important;padding-top: 40px !important;padding-bottom: 20px !important;background-color: #dddddd !important;}&#8220; z_index=&#8220;&#8220;][vc_column][vc_empty_space][vc_column_text] BAUMHEIDE |...\" \/>\n<meta property=\"og:url\" content=\"https:\/\/artesaniadelapalma.com\/de\/traditionelle-kultur\/bereiche-des-kunsthandwerks\/holz\/\" \/>\n<meta property=\"og:site_name\" content=\"Artesan\u00eda de La Palma\" \/>\n<meta property=\"article:modified_time\" content=\"2021-01-12T13:54:29+00:00\" \/>\n<meta name=\"twitter:card\" content=\"summary_large_image\" \/>\n<meta name=\"twitter:label1\" content=\"Gesch\u00e4tzte Lesezeit\" \/>\n\t<meta name=\"twitter:data1\" content=\"8\u00a0Minuten\" \/>\n<script type=\"application\/ld+json\" class=\"yoast-schema-graph\">{\"@context\":\"https:\/\/schema.org\",\"@graph\":[{\"@type\":\"WebPage\",\"@id\":\"https:\/\/artesaniadelapalma.com\/de\/traditionelle-kultur\/bereiche-des-kunsthandwerks\/holz\/\",\"url\":\"https:\/\/artesaniadelapalma.com\/de\/traditionelle-kultur\/bereiche-des-kunsthandwerks\/holz\/\",\"name\":\"Holz - Artesan\u00eda de La Palma\",\"isPartOf\":{\"@id\":\"https:\/\/artesaniadelapalma.com\/#website\"},\"datePublished\":\"2021-01-12T13:15:17+00:00\",\"dateModified\":\"2021-01-12T13:54:29+00:00\",\"breadcrumb\":{\"@id\":\"https:\/\/artesaniadelapalma.com\/de\/traditionelle-kultur\/bereiche-des-kunsthandwerks\/holz\/#breadcrumb\"},\"inLanguage\":\"de\",\"potentialAction\":[{\"@type\":\"ReadAction\",\"target\":[\"https:\/\/artesaniadelapalma.com\/de\/traditionelle-kultur\/bereiche-des-kunsthandwerks\/holz\/\"]}]},{\"@type\":\"BreadcrumbList\",\"@id\":\"https:\/\/artesaniadelapalma.com\/de\/traditionelle-kultur\/bereiche-des-kunsthandwerks\/holz\/#breadcrumb\",\"itemListElement\":[{\"@type\":\"ListItem\",\"position\":1,\"name\":\"Portada\",\"item\":\"https:\/\/artesaniadelapalma.com\/de\/\"},{\"@type\":\"ListItem\",\"position\":2,\"name\":\"traditionelle Kultur\",\"item\":\"https:\/\/artesaniadelapalma.com\/de\/traditionelle-kultur\/\"},{\"@type\":\"ListItem\",\"position\":3,\"name\":\"Bereiche des Kunsthandwerks\",\"item\":\"https:\/\/artesaniadelapalma.com\/de\/traditionelle-kultur\/bereiche-des-kunsthandwerks\/\"},{\"@type\":\"ListItem\",\"position\":4,\"name\":\"Holz\"}]},{\"@type\":\"WebSite\",\"@id\":\"https:\/\/artesaniadelapalma.com\/#website\",\"url\":\"https:\/\/artesaniadelapalma.com\/\",\"name\":\"Artesan\u00eda de La Palma\",\"description\":\"Artesan\u00eda de La Palma \/ Cabildo Insular de La Palma\",\"potentialAction\":[{\"@type\":\"SearchAction\",\"target\":{\"@type\":\"EntryPoint\",\"urlTemplate\":\"https:\/\/artesaniadelapalma.com\/?s={search_term_string}\"},\"query-input\":\"required name=search_term_string\"}],\"inLanguage\":\"de\"}]}<\/script>\n<!-- \/ Yoast SEO plugin. -->","yoast_head_json":{"title":"Holz - Artesan\u00eda de La Palma","robots":{"index":"index","follow":"follow","max-snippet":"max-snippet:-1","max-image-preview":"max-image-preview:large","max-video-preview":"max-video-preview:-1"},"canonical":"https:\/\/artesaniadelapalma.com\/de\/traditionelle-kultur\/bereiche-des-kunsthandwerks\/holz\/","og_locale":"de_DE","og_type":"article","og_title":"Holz - Artesan\u00eda de La Palma","og_description":"[vc_row css_animation=&#8220;&#8220; row_type=&#8220;row&#8220; use_row_as_full_screen_section=&#8220;no&#8220; type=&#8220;full_width&#8220; angled_section=&#8220;no&#8220; text_align=&#8220;left&#8220; background_image_as_pattern=&#8220;without_pattern&#8220; css=&#8220;.vc_custom_1595855261501{margin-bottom: 20px !important;padding-top: 40px !important;padding-bottom: 20px !important;background-color: #dddddd !important;}&#8220; z_index=&#8220;&#8220;][vc_column][vc_empty_space][vc_column_text] BAUMHEIDE |...","og_url":"https:\/\/artesaniadelapalma.com\/de\/traditionelle-kultur\/bereiche-des-kunsthandwerks\/holz\/","og_site_name":"Artesan\u00eda de La Palma","article_modified_time":"2021-01-12T13:54:29+00:00","twitter_card":"summary_large_image","twitter_misc":{"Gesch\u00e4tzte Lesezeit":"8\u00a0Minuten"},"schema":{"@context":"https:\/\/schema.org","@graph":[{"@type":"WebPage","@id":"https:\/\/artesaniadelapalma.com\/de\/traditionelle-kultur\/bereiche-des-kunsthandwerks\/holz\/","url":"https:\/\/artesaniadelapalma.com\/de\/traditionelle-kultur\/bereiche-des-kunsthandwerks\/holz\/","name":"Holz - Artesan\u00eda de La Palma","isPartOf":{"@id":"https:\/\/artesaniadelapalma.com\/#website"},"datePublished":"2021-01-12T13:15:17+00:00","dateModified":"2021-01-12T13:54:29+00:00","breadcrumb":{"@id":"https:\/\/artesaniadelapalma.com\/de\/traditionelle-kultur\/bereiche-des-kunsthandwerks\/holz\/#breadcrumb"},"inLanguage":"de","potentialAction":[{"@type":"ReadAction","target":["https:\/\/artesaniadelapalma.com\/de\/traditionelle-kultur\/bereiche-des-kunsthandwerks\/holz\/"]}]},{"@type":"BreadcrumbList","@id":"https:\/\/artesaniadelapalma.com\/de\/traditionelle-kultur\/bereiche-des-kunsthandwerks\/holz\/#breadcrumb","itemListElement":[{"@type":"ListItem","position":1,"name":"Portada","item":"https:\/\/artesaniadelapalma.com\/de\/"},{"@type":"ListItem","position":2,"name":"traditionelle Kultur","item":"https:\/\/artesaniadelapalma.com\/de\/traditionelle-kultur\/"},{"@type":"ListItem","position":3,"name":"Bereiche des Kunsthandwerks","item":"https:\/\/artesaniadelapalma.com\/de\/traditionelle-kultur\/bereiche-des-kunsthandwerks\/"},{"@type":"ListItem","position":4,"name":"Holz"}]},{"@type":"WebSite","@id":"https:\/\/artesaniadelapalma.com\/#website","url":"https:\/\/artesaniadelapalma.com\/","name":"Artesan\u00eda de La Palma","description":"Artesan\u00eda de La Palma \/ Cabildo Insular de La Palma","potentialAction":[{"@type":"SearchAction","target":{"@type":"EntryPoint","urlTemplate":"https:\/\/artesaniadelapalma.com\/?s={search_term_string}"},"query-input":"required name=search_term_string"}],"inLanguage":"de"}]}},"_links":{"self":[{"href":"https:\/\/artesaniadelapalma.com\/de\/wp-json\/wp\/v2\/pages\/2628"}],"collection":[{"href":"https:\/\/artesaniadelapalma.com\/de\/wp-json\/wp\/v2\/pages"}],"about":[{"href":"https:\/\/artesaniadelapalma.com\/de\/wp-json\/wp\/v2\/types\/page"}],"author":[{"embeddable":true,"href":"https:\/\/artesaniadelapalma.com\/de\/wp-json\/wp\/v2\/users\/1"}],"replies":[{"embeddable":true,"href":"https:\/\/artesaniadelapalma.com\/de\/wp-json\/wp\/v2\/comments?post=2628"}],"version-history":[{"count":4,"href":"https:\/\/artesaniadelapalma.com\/de\/wp-json\/wp\/v2\/pages\/2628\/revisions"}],"predecessor-version":[{"id":2690,"href":"https:\/\/artesaniadelapalma.com\/de\/wp-json\/wp\/v2\/pages\/2628\/revisions\/2690"}],"up":[{"embeddable":true,"href":"https:\/\/artesaniadelapalma.com\/de\/wp-json\/wp\/v2\/pages\/2483"}],"wp:attachment":[{"href":"https:\/\/artesaniadelapalma.com\/de\/wp-json\/wp\/v2\/media?parent=2628"}],"curies":[{"name":"wp","href":"https:\/\/api.w.org\/{rel}","templated":true}]}}