{"id":2634,"date":"2021-01-12T13:34:03","date_gmt":"2021-01-12T13:34:03","guid":{"rendered":"https:\/\/artesaniadelapalma.com\/?page_id=2634"},"modified":"2021-01-12T14:07:31","modified_gmt":"2021-01-12T14:07:31","slug":"leder","status":"publish","type":"page","link":"https:\/\/artesaniadelapalma.com\/de\/traditionelle-kultur\/bereiche-des-kunsthandwerks\/leder\/","title":{"rendered":"Leder"},"content":{"rendered":"<section class=\"wpb-content-wrapper\"><p>[vc_row css_animation=&#8220;&#8220; row_type=&#8220;row&#8220; use_row_as_full_screen_section=&#8220;no&#8220; type=&#8220;grid&#8220; angled_section=&#8220;no&#8220; text_align=&#8220;left&#8220; background_image_as_pattern=&#8220;without_pattern&#8220; css=&#8220;.vc_custom_1597677363443{margin-top: 60px !important;margin-bottom: 40px !important;}&#8220; z_index=&#8220;&#8220;][vc_column][vc_empty_space][vc_empty_space][vc_column_text]<\/p>\n<h1>Leder<\/h1>\n<p>[\/vc_column_text][vc_empty_space][vc_column_text]<\/p>\n<p>Auf der Insel La Palma gab es hervorragende Lederhandwerker. Die kunsthandwerkliche Verarbeitung dieses Materials findet auch heute noch t\u00e4glich Anwendung. Das beste Beispiel sind die sehr gefragten Schuhe und &#8222;Zamarrones&#8220;, eine Art Sch\u00fcrze der traditionellen Kleidung, die in Puntallana und Santa Cruz de La Palma hergestellt werden. In den Werkst\u00e4tten dieser St\u00e4dte werden sowohl die Reparaturarbeiten an den Schuhen als auch die Herstellung von Einzelst\u00fccken aus rustikalem Leder mit traditionellen Einlagen und Leisten durchgef\u00fchrt.<\/p>\n<p>[vc_separator type=&#8217;transparent&#8216; position=&#8217;center&#8216; color=&#8220; thickness=&#8220; up=&#8217;15&#8216; down=&#8220;]<br \/>\nEs ist m\u00f6glich, dass der Besucher beim Betreten der Werkstatt eines Lederhandwerkers das Gef\u00fchl hat, in der Zeit zur\u00fcckgereist zu sein, gefangen am Tisch und auf der Bank des Schuhmachers. An Werkzeugen mit kuriosen Namen mangelt es nicht. So benutzt ein Ledermeister die &#8222;Bigornia&#8220; (Eisenfu\u00df, der als Form zur Herstellung des Ristes eines Schuhs dient), &#8222;Corfines&#8220; zum Schneiden von modelliertem Leder, Zangen und Locher, mit denen das Leder gebohrt wird sowie Ledergriffe zum Schutz der Faust und N\u00e4hmaschinen. Das Repertoire wird erg\u00e4nzt durch die Sohlenrolle, das Garn, die Tinte und die Creme, um den Produkten den letzten Schliff zu geben, die exklusiv und nach Ma\u00df f\u00fcr jeden Kunden hergestellt werden.<\/p>\n<p>[vc_separator type=&#8217;transparent&#8216; position=&#8217;center&#8216; color=&#8220; thickness=&#8220; up=&#8217;15&#8216; down=&#8220;]<\/p>\n<p>Der Lauf der Zeit hat nicht dazu gef\u00fchrt, dass das Lederhandwerk auf La Palma ausstirbt. Andererseits gibt es neben den traditionellen Gegenst\u00e4nden auch Stiefel, Gamaschen, Messerscheiden und &#8222;Zaleas&#8220;, gegerbte Schaffelle, die als Bettzeug oder Teppiche verwendet werden.<\/p>\n<p>[vc_separator type=&#8217;transparent&#8216; position=&#8217;center&#8216; color=&#8220; thickness=&#8220; up=&#8217;15&#8216; down=&#8220;]<\/p>\n<p>&nbsp;<\/p>\n<p>[vc_separator type=&#8217;transparent&#8216; position=&#8217;center&#8216; color=&#8220; thickness=&#8220; up=&#8217;30&#8216; down=&#8220;]<\/p>\n<h6>Texto: \u00a9<strong><em> &#8222;Gu\u00eda de artesan\u00eda La Palma&#8220;.<\/em><\/strong> Myriam Cabrera, Mar\u00eda Victoria Hern\u00e1ndez y Vicente Blanco<\/h6>\n<p>[\/vc_column_text][\/vc_column][\/vc_row][vc_row css_animation=&#8220;&#8220; row_type=&#8220;row&#8220; use_row_as_full_screen_section=&#8220;no&#8220; type=&#8220;full_width&#8220; angled_section=&#8220;no&#8220; text_align=&#8220;left&#8220; background_image_as_pattern=&#8220;without_pattern&#8220;][vc_column][vc_empty_space height=&#8220;30px&#8220;][vc_row_inner row_type=&#8220;row&#8220; type=&#8220;full_width&#8220; text_align=&#8220;left&#8220; css_animation=&#8220;&#8220;][vc_column_inner width=&#8220;1\/3&#8243;][\/vc_column_inner][vc_column_inner width=&#8220;1\/3&#8243;]\n\n\t<a href=\"https:\/\/artesaniadelapalma.com\/de\/traditionelle-kultur\/bereiche-des-kunsthandwerks\/\" target=\"_self\" style=\"color: #ffffff;background-color: #f22f1d\" class=\"qode-btn qode-btn-medium qode-btn-solid qode-btn-custom-hover-bg qode-btn-custom-hover-color qode-btn-custom-icon-bg-hover-color qode-btn-icon qode-btn-icon-rotate\" data-hover-bg-color=\"#ffffff\" data-hover-color=\"#f22f1d\" >\n\t    <span class=\"qode-btn-text\">Andere Handwerksberufe<\/span><span class=\"qode-button-v2-icon-holder\" style=\"border-color: #ffffff;background-color: #f22f1d\" data-hover-icon-border-color=\"#f22f1d\" data-hover-icon-bg-color=\"#ffffff\"><i class=\"qodef-icon-linea-icon icon-arrows-circle-left qode-button-v2-icon-holder-inner\" ><\/i><\/span>\t<\/a>\n\n[\/vc_column_inner][vc_column_inner width=&#8220;1\/3&#8243;][\/vc_column_inner][\/vc_row_inner][vc_empty_space height=&#8220;52px&#8220;][\/vc_column][\/vc_row]<\/p>\n<\/section>","protected":false},"excerpt":{"rendered":"<p>[vc_row css_animation=&#8220;&#8220; row_type=&#8220;row&#8220; use_row_as_full_screen_section=&#8220;no&#8220; type=&#8220;grid&#8220; angled_section=&#8220;no&#8220; text_align=&#8220;left&#8220; background_image_as_pattern=&#8220;without_pattern&#8220; css=&#8220;.vc_custom_1597677363443{margin-top: 60px !important;margin-bottom: 40px !important;}&#8220; z_index=&#8220;&#8220;][vc_column][vc_empty_space][vc_empty_space][vc_column_text] Leder [\/vc_column_text][vc_empty_space][vc_column_text] Auf der Insel La&#8230;<\/p>\n","protected":false},"author":1,"featured_media":0,"parent":2483,"menu_order":0,"comment_status":"closed","ping_status":"closed","template":"","meta":[],"yoast_head":"<!-- This site is optimized with the Yoast SEO plugin v21.1 - https:\/\/yoast.com\/wordpress\/plugins\/seo\/ -->\n<title>Leder - Artesan\u00eda de La Palma<\/title>\n<meta name=\"robots\" content=\"index, follow, max-snippet:-1, max-image-preview:large, max-video-preview:-1\" \/>\n<link rel=\"canonical\" href=\"https:\/\/artesaniadelapalma.com\/de\/traditionelle-kultur\/bereiche-des-kunsthandwerks\/leder\/\" \/>\n<meta property=\"og:locale\" content=\"de_DE\" \/>\n<meta property=\"og:type\" content=\"article\" \/>\n<meta property=\"og:title\" content=\"Leder - Artesan\u00eda de La Palma\" \/>\n<meta property=\"og:description\" content=\"[vc_row css_animation=&#8220;&#8220; row_type=&#8220;row&#8220; use_row_as_full_screen_section=&#8220;no&#8220; type=&#8220;grid&#8220; angled_section=&#8220;no&#8220; text_align=&#8220;left&#8220; background_image_as_pattern=&#8220;without_pattern&#8220; css=&#8220;.vc_custom_1597677363443{margin-top: 60px !important;margin-bottom: 40px !important;}&#8220; z_index=&#8220;&#8220;][vc_column][vc_empty_space][vc_empty_space][vc_column_text] Leder [\/vc_column_text][vc_empty_space][vc_column_text] Auf der Insel La...\" \/>\n<meta property=\"og:url\" content=\"https:\/\/artesaniadelapalma.com\/de\/traditionelle-kultur\/bereiche-des-kunsthandwerks\/leder\/\" \/>\n<meta property=\"og:site_name\" content=\"Artesan\u00eda de La Palma\" \/>\n<meta property=\"article:modified_time\" content=\"2021-01-12T14:07:31+00:00\" \/>\n<meta name=\"twitter:card\" content=\"summary_large_image\" \/>\n<meta name=\"twitter:label1\" content=\"Gesch\u00e4tzte Lesezeit\" \/>\n\t<meta name=\"twitter:data1\" content=\"3\u00a0Minuten\" \/>\n<script type=\"application\/ld+json\" class=\"yoast-schema-graph\">{\"@context\":\"https:\/\/schema.org\",\"@graph\":[{\"@type\":\"WebPage\",\"@id\":\"https:\/\/artesaniadelapalma.com\/de\/traditionelle-kultur\/bereiche-des-kunsthandwerks\/leder\/\",\"url\":\"https:\/\/artesaniadelapalma.com\/de\/traditionelle-kultur\/bereiche-des-kunsthandwerks\/leder\/\",\"name\":\"Leder - Artesan\u00eda de La Palma\",\"isPartOf\":{\"@id\":\"https:\/\/artesaniadelapalma.com\/#website\"},\"datePublished\":\"2021-01-12T13:34:03+00:00\",\"dateModified\":\"2021-01-12T14:07:31+00:00\",\"breadcrumb\":{\"@id\":\"https:\/\/artesaniadelapalma.com\/de\/traditionelle-kultur\/bereiche-des-kunsthandwerks\/leder\/#breadcrumb\"},\"inLanguage\":\"de\",\"potentialAction\":[{\"@type\":\"ReadAction\",\"target\":[\"https:\/\/artesaniadelapalma.com\/de\/traditionelle-kultur\/bereiche-des-kunsthandwerks\/leder\/\"]}]},{\"@type\":\"BreadcrumbList\",\"@id\":\"https:\/\/artesaniadelapalma.com\/de\/traditionelle-kultur\/bereiche-des-kunsthandwerks\/leder\/#breadcrumb\",\"itemListElement\":[{\"@type\":\"ListItem\",\"position\":1,\"name\":\"Portada\",\"item\":\"https:\/\/artesaniadelapalma.com\/de\/\"},{\"@type\":\"ListItem\",\"position\":2,\"name\":\"traditionelle Kultur\",\"item\":\"https:\/\/artesaniadelapalma.com\/de\/traditionelle-kultur\/\"},{\"@type\":\"ListItem\",\"position\":3,\"name\":\"Bereiche des Kunsthandwerks\",\"item\":\"https:\/\/artesaniadelapalma.com\/de\/traditionelle-kultur\/bereiche-des-kunsthandwerks\/\"},{\"@type\":\"ListItem\",\"position\":4,\"name\":\"Leder\"}]},{\"@type\":\"WebSite\",\"@id\":\"https:\/\/artesaniadelapalma.com\/#website\",\"url\":\"https:\/\/artesaniadelapalma.com\/\",\"name\":\"Artesan\u00eda de La Palma\",\"description\":\"Artesan\u00eda de La Palma \/ Cabildo Insular de La Palma\",\"potentialAction\":[{\"@type\":\"SearchAction\",\"target\":{\"@type\":\"EntryPoint\",\"urlTemplate\":\"https:\/\/artesaniadelapalma.com\/?s={search_term_string}\"},\"query-input\":\"required name=search_term_string\"}],\"inLanguage\":\"de\"}]}<\/script>\n<!-- \/ Yoast SEO plugin. -->","yoast_head_json":{"title":"Leder - Artesan\u00eda de La Palma","robots":{"index":"index","follow":"follow","max-snippet":"max-snippet:-1","max-image-preview":"max-image-preview:large","max-video-preview":"max-video-preview:-1"},"canonical":"https:\/\/artesaniadelapalma.com\/de\/traditionelle-kultur\/bereiche-des-kunsthandwerks\/leder\/","og_locale":"de_DE","og_type":"article","og_title":"Leder - Artesan\u00eda de La Palma","og_description":"[vc_row css_animation=&#8220;&#8220; row_type=&#8220;row&#8220; use_row_as_full_screen_section=&#8220;no&#8220; type=&#8220;grid&#8220; angled_section=&#8220;no&#8220; text_align=&#8220;left&#8220; background_image_as_pattern=&#8220;without_pattern&#8220; css=&#8220;.vc_custom_1597677363443{margin-top: 60px !important;margin-bottom: 40px !important;}&#8220; z_index=&#8220;&#8220;][vc_column][vc_empty_space][vc_empty_space][vc_column_text] Leder [\/vc_column_text][vc_empty_space][vc_column_text] Auf der Insel La...","og_url":"https:\/\/artesaniadelapalma.com\/de\/traditionelle-kultur\/bereiche-des-kunsthandwerks\/leder\/","og_site_name":"Artesan\u00eda de La Palma","article_modified_time":"2021-01-12T14:07:31+00:00","twitter_card":"summary_large_image","twitter_misc":{"Gesch\u00e4tzte Lesezeit":"3\u00a0Minuten"},"schema":{"@context":"https:\/\/schema.org","@graph":[{"@type":"WebPage","@id":"https:\/\/artesaniadelapalma.com\/de\/traditionelle-kultur\/bereiche-des-kunsthandwerks\/leder\/","url":"https:\/\/artesaniadelapalma.com\/de\/traditionelle-kultur\/bereiche-des-kunsthandwerks\/leder\/","name":"Leder - Artesan\u00eda de La Palma","isPartOf":{"@id":"https:\/\/artesaniadelapalma.com\/#website"},"datePublished":"2021-01-12T13:34:03+00:00","dateModified":"2021-01-12T14:07:31+00:00","breadcrumb":{"@id":"https:\/\/artesaniadelapalma.com\/de\/traditionelle-kultur\/bereiche-des-kunsthandwerks\/leder\/#breadcrumb"},"inLanguage":"de","potentialAction":[{"@type":"ReadAction","target":["https:\/\/artesaniadelapalma.com\/de\/traditionelle-kultur\/bereiche-des-kunsthandwerks\/leder\/"]}]},{"@type":"BreadcrumbList","@id":"https:\/\/artesaniadelapalma.com\/de\/traditionelle-kultur\/bereiche-des-kunsthandwerks\/leder\/#breadcrumb","itemListElement":[{"@type":"ListItem","position":1,"name":"Portada","item":"https:\/\/artesaniadelapalma.com\/de\/"},{"@type":"ListItem","position":2,"name":"traditionelle Kultur","item":"https:\/\/artesaniadelapalma.com\/de\/traditionelle-kultur\/"},{"@type":"ListItem","position":3,"name":"Bereiche des Kunsthandwerks","item":"https:\/\/artesaniadelapalma.com\/de\/traditionelle-kultur\/bereiche-des-kunsthandwerks\/"},{"@type":"ListItem","position":4,"name":"Leder"}]},{"@type":"WebSite","@id":"https:\/\/artesaniadelapalma.com\/#website","url":"https:\/\/artesaniadelapalma.com\/","name":"Artesan\u00eda de La Palma","description":"Artesan\u00eda de La Palma \/ Cabildo Insular de La Palma","potentialAction":[{"@type":"SearchAction","target":{"@type":"EntryPoint","urlTemplate":"https:\/\/artesaniadelapalma.com\/?s={search_term_string}"},"query-input":"required name=search_term_string"}],"inLanguage":"de"}]}},"_links":{"self":[{"href":"https:\/\/artesaniadelapalma.com\/de\/wp-json\/wp\/v2\/pages\/2634"}],"collection":[{"href":"https:\/\/artesaniadelapalma.com\/de\/wp-json\/wp\/v2\/pages"}],"about":[{"href":"https:\/\/artesaniadelapalma.com\/de\/wp-json\/wp\/v2\/types\/page"}],"author":[{"embeddable":true,"href":"https:\/\/artesaniadelapalma.com\/de\/wp-json\/wp\/v2\/users\/1"}],"replies":[{"embeddable":true,"href":"https:\/\/artesaniadelapalma.com\/de\/wp-json\/wp\/v2\/comments?post=2634"}],"version-history":[{"count":2,"href":"https:\/\/artesaniadelapalma.com\/de\/wp-json\/wp\/v2\/pages\/2634\/revisions"}],"predecessor-version":[{"id":2701,"href":"https:\/\/artesaniadelapalma.com\/de\/wp-json\/wp\/v2\/pages\/2634\/revisions\/2701"}],"up":[{"embeddable":true,"href":"https:\/\/artesaniadelapalma.com\/de\/wp-json\/wp\/v2\/pages\/2483"}],"wp:attachment":[{"href":"https:\/\/artesaniadelapalma.com\/de\/wp-json\/wp\/v2\/media?parent=2634"}],"curies":[{"name":"wp","href":"https:\/\/api.w.org\/{rel}","templated":true}]}}