{"id":2639,"date":"2021-01-12T13:39:07","date_gmt":"2021-01-12T13:39:07","guid":{"rendered":"https:\/\/artesaniadelapalma.com\/?page_id=2639"},"modified":"2021-03-15T13:08:00","modified_gmt":"2021-03-15T13:08:00","slug":"schule-fuer-kunsthandwerk","status":"publish","type":"page","link":"https:\/\/artesaniadelapalma.com\/de\/schule-fuer-kunsthandwerk\/","title":{"rendered":"SCHULE F\u00dcR KUNSTHANDWERK"},"content":{"rendered":"<section class=\"wpb-content-wrapper\"><p>[vc_row css_animation=&#8220;&#8220; row_type=&#8220;row&#8220; use_row_as_full_screen_section=&#8220;no&#8220; type=&#8220;grid&#8220; angled_section=&#8220;no&#8220; text_align=&#8220;left&#8220; background_image_as_pattern=&#8220;without_pattern&#8220; css=&#8220;.vc_custom_1599513117933{margin-top: 30px !important;}&#8220; z_index=&#8220;&#8220;][vc_column][vc_column_text]<\/p>\n<h1>SCHULE F\u00dcR KUNSTHANDWERK AUF LA PALMA<\/h1>\n<p>[\/vc_column_text][vc_empty_space][vc_row_inner row_type=&#8220;row&#8220; type=&#8220;full_width&#8220; text_align=&#8220;left&#8220; css_animation=&#8220;&#8220;][vc_column_inner width=&#8220;3\/4&#8243;][vc_column_text]Die Inselschule f\u00fcr Kunsthandwerk auf La Palma entstand aus den Bed\u00fcrfnissen eines Volkes von Korbflechtern, Stickern, Webern, Drechslern u.a., die sich des Wertes ihrer Traditionen bewusst sind.<\/p>\n<p>[vc_separator type=&#8217;transparent&#8216; position=&#8217;center&#8216; color=&#8220; thickness=&#8220; up=&#8217;10&#8216; down=&#8220;]<\/p>\n<p>Um die Gr\u00fcndung der Schule zu rechtfertigen, wurde in den S\u00e4len des Rathauses eine Ausstellung organisiert, die die verschiedenen durchgef\u00fchrten Arbeiten zusammenfasste und einen Einblick in die M\u00f6glichkeiten der verschiedenen Sektoren gab, so ein R\u00fcckblick, der in den Ereignissen von 1964 in Villa de Mazo enthalten war und vom damaligen offiziellen Chronisten der Stadt, F\u00e9lix Duarte P\u00e9rez, unterzeichnet wurde.<\/p>\n<p>[vc_separator type=&#8217;transparent&#8216; position=&#8217;center&#8216; color=&#8220; thickness=&#8220; up=&#8217;10&#8216; down=&#8220;]<\/p>\n<p>Zwei Jahre sp\u00e4ter, 1966, wurden 750.000 Peseten f\u00fcr diesen Zweck vom Staat \u00fcber die damalige Weibliche Sektion (SF) und das Gemeindeentwicklungsprogramm bereitgestellt. Dar\u00fcber hinaus trat die Stadtverwaltung von Villa de Mazo 700 Quadratmeter Land ab. Im Jahr 1967 begannen die Bauarbeiten und 1968 wurde die Schule schlie\u00dflich er\u00f6ffnet.<\/p>\n<p>[vc_separator type=&#8217;transparent&#8216; position=&#8217;center&#8216; color=&#8220; thickness=&#8220; up=&#8217;10&#8216; down=&#8220;]<\/p>\n<p>Von Anfang an bedeutete die Schule die Wiederherstellung und Weitergabe des Kunsthandwerks an neue Generationen, die Aufwertung von kunsthandwerklichen Gegenst\u00e4nden und die Verbreitung des Kunsthandwerks innerhalb und au\u00dferhalb der Insel.<\/p>\n<p>[vc_separator type=&#8217;transparent&#8216; position=&#8217;center&#8216; color=&#8220; thickness=&#8220; up=&#8217;10&#8216; down=&#8220;]<\/p>\n<p>Die Schule wurde bald zu einem Treffpunkt, an dem die Anliegen und Bed\u00fcrfnisse der lokalen Bewohner besprochen wurden und soziale Aktivit\u00e4ten entstanden. In der Schule wurden drei feste kunsthandwerkliche F\u00e4cher unterrichtet: das Weben am Webstuhl, die Stickerei und die Korbflechterei von Balayos-K\u00f6rben.<\/p>\n<p>[vc_separator type=&#8217;transparent&#8216; position=&#8217;center&#8216; color=&#8220; thickness=&#8220; up=&#8217;10&#8216; down=&#8220;]<\/p>\n<p>Heute ist die Schule weiterhin ein Ort der Kultur, ein Zentrum f\u00fcr kunsthandwerkliche Ausbildung, f\u00fcr Ausstellungen, Besichtigungen und deren Bewerbung.<\/p>\n<p>[vc_separator type=&#8217;transparent&#8216; position=&#8217;center&#8216; color=&#8220; thickness=&#8220; up=&#8217;10&#8216; down=&#8220;]<\/p>\n<p>[\/vc_column_text][vc_empty_space][\/vc_column_inner][vc_column_inner width=&#8220;1\/4&#8243;][vc_column_text]<\/p>\n<h3 style=\"text-align: left;\">Horario al p\u00fablico<\/h3>\n<p>[\/vc_column_text][vc_empty_space height=&#8220;12px&#8220;][vc_column_text]<strong>Adresse:<\/strong>\u00a0Link Doktor Morera Bravo (neben dem st\u00e4dtischen Markt), S \/ N 38730 Villa de Mazo (Santa Cruz de Tenerife)<br \/>\n<strong>Telefon:\u00a0<\/strong>922 440 052<br \/>\n<strong>E-Mail:<\/strong>\u00a0escuela.artesania@cablapalma.es<br \/>\n<strong>\u00d6ffnungszeiten:<\/strong><\/p>\n<ul>\n<li>Winter: Montag bis Freitag von 10:00 bis 15:00 Uhr<\/li>\n<li>Sommer: Montag bis Freitag von 10:00 bis 14:30 Uhr<\/li>\n<li>Samstags, sonntags und an Feiertagen geschlossen<\/li>\n<\/ul>\n<p>[\/vc_column_text][vc_empty_space]\n\n\t<a href=\"https:\/\/artesaniadelapalma.com\/escuela-insular#videos\" target=\"_self\"  class=\"qode-btn qode-btn-medium qode-btn-solid qode-btn-default-hover\"  >\n\t    <span class=\"qode-btn-text\">V\u00eddeos Escuela Insular<\/span>\t<\/a>\n\n[vc_empty_space height=&#8220;12px&#8220;]\n\n\t<a href=\"https:\/\/artesaniadelapalma.com\/escuela-insular#fotos\" target=\"_self\"  class=\"qode-btn qode-btn-medium qode-btn-solid qode-btn-default-hover\"  >\n\t    <span class=\"qode-btn-text\">Fotos Escuela Insular 2020<\/span>\t<\/a>\n\n[\/vc_column_inner][\/vc_row_inner][vc_single_image image=&#8220;1250&#8243; img_size=&#8220;full&#8220; alignment=&#8220;center&#8220; qode_css_animation=&#8220;&#8220;][vc_empty_space height=&#8220;30px&#8220;][vc_row_inner row_type=&#8220;row&#8220; type=&#8220;full_width&#8220; text_align=&#8220;left&#8220; css_animation=&#8220;&#8220;][vc_column_inner width=&#8220;1\/4&#8243;][vc_single_image image=&#8220;1209&#8243; img_size=&#8220;full&#8220; alignment=&#8220;center&#8220; qode_css_animation=&#8220;&#8220;][vc_empty_space height=&#8220;22px&#8220;][vc_column_text]<\/p>\n<h4>Agapita Hern\u00e1ndez<\/h4>\n<p>[\/vc_column_text][vc_empty_space height=&#8220;30px&#8220;][\/vc_column_inner][vc_column_inner width=&#8220;1\/4&#8243;][vc_single_image image=&#8220;1207&#8243; img_size=&#8220;full&#8220; alignment=&#8220;center&#8220; qode_css_animation=&#8220;&#8220;][vc_empty_space height=&#8220;22px&#8220;][vc_column_text]<\/p>\n<h4>Mar\u00eda Garc\u00eda<\/h4>\n<p>[\/vc_column_text][vc_empty_space height=&#8220;30px&#8220;][\/vc_column_inner][vc_column_inner width=&#8220;1\/4&#8243;][vc_single_image image=&#8220;1205&#8243; img_size=&#8220;full&#8220; alignment=&#8220;center&#8220; qode_css_animation=&#8220;&#8220;][vc_empty_space height=&#8220;22px&#8220;][vc_column_text]<\/p>\n<h4>Felisa Rodr\u00edguez<\/h4>\n<p>[\/vc_column_text][vc_empty_space height=&#8220;30px&#8220;][\/vc_column_inner][vc_column_inner width=&#8220;1\/4&#8243;][vc_single_image image=&#8220;1247&#8243; img_size=&#8220;full&#8220; alignment=&#8220;center&#8220; qode_css_animation=&#8220;&#8220;][vc_empty_space height=&#8220;22px&#8220;][vc_column_text]<\/p>\n<h4>Myriam Cabrera<\/h4>\n<p>[\/vc_column_text][vc_empty_space height=&#8220;30px&#8220;][\/vc_column_inner][\/vc_row_inner][vc_empty_space][vc_column_text]<\/p>\n<h6>Texto: \u00a9<strong><em> &#8222;Gu\u00eda de artesan\u00eda La Palma&#8220;.<\/em><\/strong> Myriam Cabrera, Mar\u00eda Victoria Hern\u00e1ndez y Vicente Blanco<\/h6>\n<p>[\/vc_column_text][vc_empty_space height=&#8220;85px&#8220;][vc_column_text]<\/p>\n<h1 style=\"text-align: center;\">Videos der SCHULE F\u00dcR KUNSTHANDWERK AUF LA PALMA<\/h1>\n<p>[\/vc_column_text][vc_empty_space][vc_row_inner row_type=&#8220;row&#8220; type=&#8220;full_width&#8220; text_align=&#8220;left&#8220; css_animation=&#8220;&#8220; anchor=&#8220;videos&#8220;][vc_column_inner width=&#8220;1\/2&#8243;][vc_video link=&#8220;https:\/\/youtu.be\/guIb4P_8u-I&#8220; align=&#8220;center&#8220;][vc_empty_space height=&#8220;22px&#8220;][vc_column_text]<\/p>\n<h3 style=\"text-align: center;\">La Escuela Insular de Artesan\u00eda reabre sus puertas<\/h3>\n<p>[\/vc_column_text][vc_empty_space height=&#8220;40px&#8220;][\/vc_column_inner][vc_column_inner width=&#8220;1\/2&#8243;][vc_video link=&#8220;https:\/\/youtu.be\/rziGtZW-Rp0&#8243; align=&#8220;center&#8220;][vc_empty_space height=&#8220;22px&#8220;][vc_column_text]<\/p>\n<h3 style=\"text-align: center;\">Indumentaria tradicional isla de La Palma<\/h3>\n<p>[\/vc_column_text][vc_empty_space height=&#8220;40px&#8220;][\/vc_column_inner][\/vc_row_inner][vc_row_inner row_type=&#8220;row&#8220; type=&#8220;full_width&#8220; text_align=&#8220;left&#8220; css_animation=&#8220;&#8220;][vc_column_inner width=&#8220;1\/2&#8243;][vc_video link=&#8220;https:\/\/youtu.be\/ECqy0b7VzBY&#8220; align=&#8220;center&#8220;][vc_empty_space height=&#8220;22px&#8220;][vc_column_text]<\/p>\n<h3 style=\"text-align: center;\">50 Aniversario de la Escuela Insular de Artesan\u00eda de La Palma<\/h3>\n<p>[\/vc_column_text][vc_empty_space height=&#8220;40px&#8220;][\/vc_column_inner][vc_column_inner width=&#8220;1\/2&#8243;][vc_video link=&#8220;https:\/\/youtu.be\/tnZOZoWraEg&#8220; align=&#8220;center&#8220;][vc_empty_space height=&#8220;22px&#8220;][vc_column_text]<\/p>\n<h3 style=\"text-align: center;\">Agapita: maestr\u00eda en el bordado<\/h3>\n<p>[\/vc_column_text][vc_empty_space height=&#8220;40px&#8220;][\/vc_column_inner][\/vc_row_inner][vc_row_inner row_type=&#8220;row&#8220; type=&#8220;full_width&#8220; text_align=&#8220;left&#8220; css_animation=&#8220;&#8220;][vc_column_inner width=&#8220;1\/2&#8243;][vc_video link=&#8220;https:\/\/youtu.be\/Uq57qZTTcUc&#8220; align=&#8220;center&#8220;][vc_empty_space height=&#8220;22px&#8220;][vc_column_text]<\/p>\n<h3 style=\"text-align: center;\">Las manos de la historia. Escuela Insular de Artesan\u00eda de La Palma<\/h3>\n<p>[\/vc_column_text][vc_empty_space height=&#8220;40px&#8220;][\/vc_column_inner][vc_column_inner width=&#8220;1\/2&#8243;][\/vc_column_inner][\/vc_row_inner][\/vc_column][\/vc_row][vc_row css_animation=&#8220;&#8220; row_type=&#8220;row&#8220; use_row_as_full_screen_section=&#8220;no&#8220; type=&#8220;grid&#8220; angled_section=&#8220;no&#8220; text_align=&#8220;left&#8220; background_image_as_pattern=&#8220;without_pattern&#8220; z_index=&#8220;&#8220; anchor=&#8220;fotos&#8220;][vc_column][vc_empty_space height=&#8220;50px&#8220;][vc_column_text]<\/p>\n<h1 style=\"text-align: center;\">FOTOS DER SCHULE F\u00dcR KUNSTHANDWERK AUF LA PALMA 2020<\/h1>\n<p>[\/vc_column_text][vc_empty_space height=&#8220;50px&#8220;][\/vc_column][\/vc_row][vc_row css_animation=&#8220;&#8220; row_type=&#8220;row&#8220; use_row_as_full_screen_section=&#8220;no&#8220; type=&#8220;full_width&#8220; angled_section=&#8220;no&#8220; text_align=&#8220;left&#8220; background_image_as_pattern=&#8220;without_pattern&#8220; z_index=&#8220;&#8220;][vc_column][vc_gallery type=&#8220;image_grid&#8220; images=&#8220;1620,1586,1608,1588,1634,1640,1624,1590,1628,1614,1618,1592,1598,1636,1594,1602,1632,1616,1638,1622,1596,1630,1612,1604,1626,1606,1610,1600,1642,1644&#8243; img_size=&#8220;400&#215;400&#8243; column_number=&#8220;5&#8243; grayscale=&#8220;no&#8220; images_space=&#8220;gallery_without_space&#8220;][\/vc_column][\/vc_row]<\/p>\n<\/section>","protected":false},"excerpt":{"rendered":"<p>[vc_row css_animation=&#8220;&#8220; row_type=&#8220;row&#8220; use_row_as_full_screen_section=&#8220;no&#8220; type=&#8220;grid&#8220; angled_section=&#8220;no&#8220; text_align=&#8220;left&#8220; background_image_as_pattern=&#8220;without_pattern&#8220; css=&#8220;.vc_custom_1599513117933{margin-top: 30px !important;}&#8220; z_index=&#8220;&#8220;][vc_column][vc_column_text] SCHULE F\u00dcR KUNSTHANDWERK AUF LA PALMA [\/vc_column_text][vc_empty_space][vc_row_inner row_type=&#8220;row&#8220;&#8230;<\/p>\n","protected":false},"author":1,"featured_media":0,"parent":0,"menu_order":0,"comment_status":"closed","ping_status":"closed","template":"full_width.php","meta":[],"yoast_head":"<!-- This site is optimized with the Yoast SEO plugin v21.1 - https:\/\/yoast.com\/wordpress\/plugins\/seo\/ -->\n<title>SCHULE F\u00dcR KUNSTHANDWERK - Artesan\u00eda de La Palma<\/title>\n<meta name=\"robots\" content=\"index, follow, max-snippet:-1, max-image-preview:large, max-video-preview:-1\" \/>\n<link rel=\"canonical\" href=\"https:\/\/artesaniadelapalma.com\/de\/schule-fuer-kunsthandwerk\/\" \/>\n<meta property=\"og:locale\" content=\"de_DE\" \/>\n<meta property=\"og:type\" content=\"article\" \/>\n<meta property=\"og:title\" content=\"SCHULE F\u00dcR KUNSTHANDWERK - Artesan\u00eda de La Palma\" \/>\n<meta property=\"og:description\" content=\"[vc_row css_animation=&#8220;&#8220; row_type=&#8220;row&#8220; use_row_as_full_screen_section=&#8220;no&#8220; type=&#8220;grid&#8220; angled_section=&#8220;no&#8220; text_align=&#8220;left&#8220; background_image_as_pattern=&#8220;without_pattern&#8220; css=&#8220;.vc_custom_1599513117933{margin-top: 30px !important;}&#8220; z_index=&#8220;&#8220;][vc_column][vc_column_text] SCHULE F\u00dcR KUNSTHANDWERK AUF LA PALMA [\/vc_column_text][vc_empty_space][vc_row_inner row_type=&#8220;row&#8220;...\" \/>\n<meta property=\"og:url\" content=\"https:\/\/artesaniadelapalma.com\/de\/schule-fuer-kunsthandwerk\/\" \/>\n<meta property=\"og:site_name\" content=\"Artesan\u00eda de La Palma\" \/>\n<meta property=\"article:modified_time\" content=\"2021-03-15T13:08:00+00:00\" \/>\n<meta name=\"twitter:card\" content=\"summary_large_image\" \/>\n<meta name=\"twitter:label1\" content=\"Gesch\u00e4tzte Lesezeit\" \/>\n\t<meta name=\"twitter:data1\" content=\"3\u00a0Minuten\" \/>\n<script type=\"application\/ld+json\" class=\"yoast-schema-graph\">{\"@context\":\"https:\/\/schema.org\",\"@graph\":[{\"@type\":\"WebPage\",\"@id\":\"https:\/\/artesaniadelapalma.com\/de\/schule-fuer-kunsthandwerk\/\",\"url\":\"https:\/\/artesaniadelapalma.com\/de\/schule-fuer-kunsthandwerk\/\",\"name\":\"SCHULE F\u00dcR KUNSTHANDWERK - Artesan\u00eda de La Palma\",\"isPartOf\":{\"@id\":\"https:\/\/artesaniadelapalma.com\/#website\"},\"datePublished\":\"2021-01-12T13:39:07+00:00\",\"dateModified\":\"2021-03-15T13:08:00+00:00\",\"breadcrumb\":{\"@id\":\"https:\/\/artesaniadelapalma.com\/de\/schule-fuer-kunsthandwerk\/#breadcrumb\"},\"inLanguage\":\"de\",\"potentialAction\":[{\"@type\":\"ReadAction\",\"target\":[\"https:\/\/artesaniadelapalma.com\/de\/schule-fuer-kunsthandwerk\/\"]}]},{\"@type\":\"BreadcrumbList\",\"@id\":\"https:\/\/artesaniadelapalma.com\/de\/schule-fuer-kunsthandwerk\/#breadcrumb\",\"itemListElement\":[{\"@type\":\"ListItem\",\"position\":1,\"name\":\"Portada\",\"item\":\"https:\/\/artesaniadelapalma.com\/de\/\"},{\"@type\":\"ListItem\",\"position\":2,\"name\":\"SCHULE F\u00dcR KUNSTHANDWERK\"}]},{\"@type\":\"WebSite\",\"@id\":\"https:\/\/artesaniadelapalma.com\/#website\",\"url\":\"https:\/\/artesaniadelapalma.com\/\",\"name\":\"Artesan\u00eda de La Palma\",\"description\":\"Artesan\u00eda de La Palma \/ Cabildo Insular de La Palma\",\"potentialAction\":[{\"@type\":\"SearchAction\",\"target\":{\"@type\":\"EntryPoint\",\"urlTemplate\":\"https:\/\/artesaniadelapalma.com\/?s={search_term_string}\"},\"query-input\":\"required name=search_term_string\"}],\"inLanguage\":\"de\"}]}<\/script>\n<!-- \/ Yoast SEO plugin. -->","yoast_head_json":{"title":"SCHULE F\u00dcR KUNSTHANDWERK - Artesan\u00eda de La Palma","robots":{"index":"index","follow":"follow","max-snippet":"max-snippet:-1","max-image-preview":"max-image-preview:large","max-video-preview":"max-video-preview:-1"},"canonical":"https:\/\/artesaniadelapalma.com\/de\/schule-fuer-kunsthandwerk\/","og_locale":"de_DE","og_type":"article","og_title":"SCHULE F\u00dcR KUNSTHANDWERK - Artesan\u00eda de La Palma","og_description":"[vc_row css_animation=&#8220;&#8220; row_type=&#8220;row&#8220; use_row_as_full_screen_section=&#8220;no&#8220; type=&#8220;grid&#8220; angled_section=&#8220;no&#8220; text_align=&#8220;left&#8220; background_image_as_pattern=&#8220;without_pattern&#8220; css=&#8220;.vc_custom_1599513117933{margin-top: 30px !important;}&#8220; z_index=&#8220;&#8220;][vc_column][vc_column_text] SCHULE F\u00dcR KUNSTHANDWERK AUF LA PALMA [\/vc_column_text][vc_empty_space][vc_row_inner row_type=&#8220;row&#8220;...","og_url":"https:\/\/artesaniadelapalma.com\/de\/schule-fuer-kunsthandwerk\/","og_site_name":"Artesan\u00eda de La Palma","article_modified_time":"2021-03-15T13:08:00+00:00","twitter_card":"summary_large_image","twitter_misc":{"Gesch\u00e4tzte Lesezeit":"3\u00a0Minuten"},"schema":{"@context":"https:\/\/schema.org","@graph":[{"@type":"WebPage","@id":"https:\/\/artesaniadelapalma.com\/de\/schule-fuer-kunsthandwerk\/","url":"https:\/\/artesaniadelapalma.com\/de\/schule-fuer-kunsthandwerk\/","name":"SCHULE F\u00dcR KUNSTHANDWERK - Artesan\u00eda de La Palma","isPartOf":{"@id":"https:\/\/artesaniadelapalma.com\/#website"},"datePublished":"2021-01-12T13:39:07+00:00","dateModified":"2021-03-15T13:08:00+00:00","breadcrumb":{"@id":"https:\/\/artesaniadelapalma.com\/de\/schule-fuer-kunsthandwerk\/#breadcrumb"},"inLanguage":"de","potentialAction":[{"@type":"ReadAction","target":["https:\/\/artesaniadelapalma.com\/de\/schule-fuer-kunsthandwerk\/"]}]},{"@type":"BreadcrumbList","@id":"https:\/\/artesaniadelapalma.com\/de\/schule-fuer-kunsthandwerk\/#breadcrumb","itemListElement":[{"@type":"ListItem","position":1,"name":"Portada","item":"https:\/\/artesaniadelapalma.com\/de\/"},{"@type":"ListItem","position":2,"name":"SCHULE F\u00dcR KUNSTHANDWERK"}]},{"@type":"WebSite","@id":"https:\/\/artesaniadelapalma.com\/#website","url":"https:\/\/artesaniadelapalma.com\/","name":"Artesan\u00eda de La Palma","description":"Artesan\u00eda de La Palma \/ Cabildo Insular de La Palma","potentialAction":[{"@type":"SearchAction","target":{"@type":"EntryPoint","urlTemplate":"https:\/\/artesaniadelapalma.com\/?s={search_term_string}"},"query-input":"required name=search_term_string"}],"inLanguage":"de"}]}},"_links":{"self":[{"href":"https:\/\/artesaniadelapalma.com\/de\/wp-json\/wp\/v2\/pages\/2639"}],"collection":[{"href":"https:\/\/artesaniadelapalma.com\/de\/wp-json\/wp\/v2\/pages"}],"about":[{"href":"https:\/\/artesaniadelapalma.com\/de\/wp-json\/wp\/v2\/types\/page"}],"author":[{"embeddable":true,"href":"https:\/\/artesaniadelapalma.com\/de\/wp-json\/wp\/v2\/users\/1"}],"replies":[{"embeddable":true,"href":"https:\/\/artesaniadelapalma.com\/de\/wp-json\/wp\/v2\/comments?post=2639"}],"version-history":[{"count":3,"href":"https:\/\/artesaniadelapalma.com\/de\/wp-json\/wp\/v2\/pages\/2639\/revisions"}],"predecessor-version":[{"id":2796,"href":"https:\/\/artesaniadelapalma.com\/de\/wp-json\/wp\/v2\/pages\/2639\/revisions\/2796"}],"wp:attachment":[{"href":"https:\/\/artesaniadelapalma.com\/de\/wp-json\/wp\/v2\/media?parent=2639"}],"curies":[{"name":"wp","href":"https:\/\/api.w.org\/{rel}","templated":true}]}}